{"id":232,"date":"2022-10-04T13:24:14","date_gmt":"2022-10-04T10:24:14","guid":{"rendered":"http:\/\/www.etametal.com\/eta\/?post_type=product&#038;p=232"},"modified":"2022-10-04T13:24:17","modified_gmt":"2022-10-04T10:24:17","slug":"e804-96-lt-boyali-geri-donusum-kovasi","status":"publish","type":"product","link":"http:\/\/www.etametal.com\/eta\/product\/e804-96-lt-boyali-geri-donusum-kovasi\/","title":{"rendered":"E804 96 LT BOYALI GER\u0130 D\u00d6N\u00dc\u015e\u00dcM KOVASI"},"content":{"rendered":"<p>E804 96 LT BOYALI GER\u0130 D\u00d6N\u00dc\u015e\u00dcM KOVASI<\/p>\n","protected":false},"excerpt":{"rendered":"<p>E804 96 LT BOYALI GER\u0130 D\u00d6N\u00dc\u015e\u00dcM KOVASI<\/p>\n","protected":false},"featured_media":262,"comment_status":"open","ping_status":"closed","template":"","meta":{"content-type":""},"product_cat":[33],"product_tag":[],"class_list":["post-232","product","type-product","status-publish","has-post-thumbnail","hentry","product_cat-geri-donusum-kovalari"],"_links":{"self":[{"href":"http:\/\/www.etametal.com\/eta\/wp-json\/wp\/v2\/product\/232","targetHints":{"allow":["GET"]}}],"collection":[{"href":"http:\/\/www.etametal.com\/eta\/wp-json\/wp\/v2\/product"}],"about":[{"href":"http:\/\/www.etametal.com\/eta\/wp-json\/wp\/v2\/types\/product"}],"replies":[{"embeddable":true,"href":"http:\/\/www.etametal.com\/eta\/wp-json\/wp\/v2\/comments?post=232"}],"wp:featuredmedia":[{"embeddable":true,"href":"http:\/\/www.etametal.com\/eta\/wp-json\/wp\/v2\/media\/262"}],"wp:attachment":[{"href":"http:\/\/www.etametal.com\/eta\/wp-json\/wp\/v2\/media?parent=232"}],"wp:term":[{"taxonomy":"product_cat","embeddable":true,"href":"http:\/\/www.etametal.com\/eta\/wp-json\/wp\/v2\/product_cat?post=232"},{"taxonomy":"product_tag","embeddable":true,"href":"http:\/\/www.etametal.com\/eta\/wp-json\/wp\/v2\/product_tag?post=232"}],"curies":[{"name":"wp","href":"https:\/\/api.w.org\/{rel}","templated":true}]}}