{"id":233,"date":"2022-10-04T13:24:14","date_gmt":"2022-10-04T10:24:14","guid":{"rendered":"http:\/\/www.etametal.com\/eta\/?post_type=product&#038;p=233"},"modified":"2022-10-04T13:24:18","modified_gmt":"2022-10-04T10:24:18","slug":"e806-3-bolmeli-kafesli-geri-donusum-seti-boyali","status":"publish","type":"product","link":"http:\/\/www.etametal.com\/eta\/product\/e806-3-bolmeli-kafesli-geri-donusum-seti-boyali\/","title":{"rendered":"E806 3 B\u00d6LMEL\u0130 KAFESL\u0130 GER\u0130 D\u00d6N\u00dc\u015e\u00dcM SET\u0130 BOYALI"},"content":{"rendered":"<p>E806 3 B\u00d6LMEL\u0130 KAFESL\u0130 GER\u0130 D\u00d6N\u00dc\u015e\u00dcM SET\u0130 BOYALI<\/p>\n","protected":false},"excerpt":{"rendered":"<p>E806 3 B\u00d6LMEL\u0130 KAFESL\u0130 GER\u0130 D\u00d6N\u00dc\u015e\u00dcM SET\u0130 BOYALI<\/p>\n","protected":false},"featured_media":263,"comment_status":"open","ping_status":"closed","template":"","meta":{"content-type":""},"product_cat":[33],"product_tag":[],"class_list":["post-233","product","type-product","status-publish","has-post-thumbnail","hentry","product_cat-geri-donusum-kovalari"],"_links":{"self":[{"href":"http:\/\/www.etametal.com\/eta\/wp-json\/wp\/v2\/product\/233","targetHints":{"allow":["GET"]}}],"collection":[{"href":"http:\/\/www.etametal.com\/eta\/wp-json\/wp\/v2\/product"}],"about":[{"href":"http:\/\/www.etametal.com\/eta\/wp-json\/wp\/v2\/types\/product"}],"replies":[{"embeddable":true,"href":"http:\/\/www.etametal.com\/eta\/wp-json\/wp\/v2\/comments?post=233"}],"wp:featuredmedia":[{"embeddable":true,"href":"http:\/\/www.etametal.com\/eta\/wp-json\/wp\/v2\/media\/263"}],"wp:attachment":[{"href":"http:\/\/www.etametal.com\/eta\/wp-json\/wp\/v2\/media?parent=233"}],"wp:term":[{"taxonomy":"product_cat","embeddable":true,"href":"http:\/\/www.etametal.com\/eta\/wp-json\/wp\/v2\/product_cat?post=233"},{"taxonomy":"product_tag","embeddable":true,"href":"http:\/\/www.etametal.com\/eta\/wp-json\/wp\/v2\/product_tag?post=233"}],"curies":[{"name":"wp","href":"https:\/\/api.w.org\/{rel}","templated":true}]}}