{"id":237,"date":"2022-10-04T13:24:15","date_gmt":"2022-10-04T10:24:15","guid":{"rendered":"http:\/\/www.etametal.com\/eta\/?post_type=product&#038;p=237"},"modified":"2022-10-04T13:24:19","modified_gmt":"2022-10-04T10:24:19","slug":"b-611-mesale-kulluk-paslanmaz","status":"publish","type":"product","link":"http:\/\/www.etametal.com\/eta\/product\/b-611-mesale-kulluk-paslanmaz\/","title":{"rendered":"(B 611) Me\u015fale K\u00fcll\u00fck Paslanmaz"},"content":{"rendered":"<p><strong>\u00dcr\u00fcn \u00d6l\u00e7\u00fcleri:<\/strong><br \/>\n\u00c7ap: 28 cm<br \/>\nY\u00fckseklik: 60 cm<br \/>\n\u00d6rnek olmas\u0131 i\u00e7in bir ka\u00e7 resim ekledim<\/p>\n","protected":false},"excerpt":{"rendered":"<p>\u00dcr\u00fcn \u00d6l\u00e7\u00fcleri:<\/p>\n<p>\u00c7ap: 28 cm<\/p>\n<p>Y\u00fckseklik: 60 cm<\/p>\n","protected":false},"featured_media":267,"comment_status":"open","ping_status":"closed","template":"","meta":{"content-type":""},"product_cat":[35],"product_tag":[],"class_list":["post-237","product","type-product","status-publish","has-post-thumbnail","hentry","product_cat-metal-kullukler"],"_links":{"self":[{"href":"http:\/\/www.etametal.com\/eta\/wp-json\/wp\/v2\/product\/237","targetHints":{"allow":["GET"]}}],"collection":[{"href":"http:\/\/www.etametal.com\/eta\/wp-json\/wp\/v2\/product"}],"about":[{"href":"http:\/\/www.etametal.com\/eta\/wp-json\/wp\/v2\/types\/product"}],"replies":[{"embeddable":true,"href":"http:\/\/www.etametal.com\/eta\/wp-json\/wp\/v2\/comments?post=237"}],"wp:featuredmedia":[{"embeddable":true,"href":"http:\/\/www.etametal.com\/eta\/wp-json\/wp\/v2\/media\/267"}],"wp:attachment":[{"href":"http:\/\/www.etametal.com\/eta\/wp-json\/wp\/v2\/media?parent=237"}],"wp:term":[{"taxonomy":"product_cat","embeddable":true,"href":"http:\/\/www.etametal.com\/eta\/wp-json\/wp\/v2\/product_cat?post=237"},{"taxonomy":"product_tag","embeddable":true,"href":"http:\/\/www.etametal.com\/eta\/wp-json\/wp\/v2\/product_tag?post=237"}],"curies":[{"name":"wp","href":"https:\/\/api.w.org\/{rel}","templated":true}]}}