{"id":239,"date":"2022-10-04T13:24:15","date_gmt":"2022-10-04T10:24:15","guid":{"rendered":"http:\/\/www.etametal.com\/eta\/?post_type=product&#038;p=239"},"modified":"2022-10-04T13:24:19","modified_gmt":"2022-10-04T10:24:19","slug":"1100-lt-galvaniz-cop-konteyneri","status":"publish","type":"product","link":"http:\/\/www.etametal.com\/eta\/product\/1100-lt-galvaniz-cop-konteyneri\/","title":{"rendered":"1100 LT. GALVAN\u0130Z \u00c7\u00d6P KONTEYNER\u0130"},"content":{"rendered":"<p>&#8216;- Konteyner A-1 kalite galvaniz sa\u00e7tan \u00fcretilmi\u015ftir.<\/p>\n<p>&#8211; G\u00f6vde ve taban tek par\u00e7a sa\u00e7tan mukavemet artt\u0131r\u0131c\u0131 form verilerek konik \u015fekilde \u00fcretilmi\u015ftir.<\/p>\n<p>&#8211; Yanlara mukavemet artt\u0131r\u0131c\u0131 form verilmi\u015ftir.<\/p>\n<p>&#8211; G\u00f6vde a\u011fz\u0131 2.00 mm profil ile \u00e7evrilmi\u015ftir.<\/p>\n<p>&#8211; Tekerlekler 150&#215;45 abad\u0131nda ve 4 adettir. 1 adet TSE belgeli freni mevcuttur.<\/p>\n<p>&#8211; Kald\u0131rma kollar\u0131 ara\u00e7 kald\u0131rma sistemine uygun imal edilmitir.<\/p>\n<p>&#8211; Tekerlek ba\u011flant\u0131 sa\u00e7\u0131 4.00 mm dir.<\/p>\n<p>&#8211; Gazalt\u0131 kaynak kullan\u0131larak montaj yap\u0131lm\u0131\u015ft\u0131r.<\/p>\n","protected":false},"excerpt":{"rendered":"<p>1100 LT. GALVAN\u0130Z \u00c7\u00d6P KONTEYNER\u0130<\/p>\n","protected":false},"featured_media":268,"comment_status":"open","ping_status":"closed","template":"","meta":{"content-type":""},"product_cat":[36],"product_tag":[],"class_list":["post-239","product","type-product","status-publish","has-post-thumbnail","hentry","product_cat-galvaniz-cop-konteyneri"],"_links":{"self":[{"href":"http:\/\/www.etametal.com\/eta\/wp-json\/wp\/v2\/product\/239","targetHints":{"allow":["GET"]}}],"collection":[{"href":"http:\/\/www.etametal.com\/eta\/wp-json\/wp\/v2\/product"}],"about":[{"href":"http:\/\/www.etametal.com\/eta\/wp-json\/wp\/v2\/types\/product"}],"replies":[{"embeddable":true,"href":"http:\/\/www.etametal.com\/eta\/wp-json\/wp\/v2\/comments?post=239"}],"wp:featuredmedia":[{"embeddable":true,"href":"http:\/\/www.etametal.com\/eta\/wp-json\/wp\/v2\/media\/268"}],"wp:attachment":[{"href":"http:\/\/www.etametal.com\/eta\/wp-json\/wp\/v2\/media?parent=239"}],"wp:term":[{"taxonomy":"product_cat","embeddable":true,"href":"http:\/\/www.etametal.com\/eta\/wp-json\/wp\/v2\/product_cat?post=239"},{"taxonomy":"product_tag","embeddable":true,"href":"http:\/\/www.etametal.com\/eta\/wp-json\/wp\/v2\/product_tag?post=239"}],"curies":[{"name":"wp","href":"https:\/\/api.w.org\/{rel}","templated":true}]}}