{"id":240,"date":"2022-10-04T13:24:15","date_gmt":"2022-10-04T10:24:15","guid":{"rendered":"http:\/\/www.etametal.com\/eta\/?post_type=product&#038;p=240"},"modified":"2022-10-04T13:24:20","modified_gmt":"2022-10-04T10:24:20","slug":"240-litre-galvaniz-cop-konteyneri","status":"publish","type":"product","link":"http:\/\/www.etametal.com\/eta\/product\/240-litre-galvaniz-cop-konteyneri\/","title":{"rendered":"240 Litre Galvaniz \u00c7\u00f6p Konteyneri"},"content":{"rendered":"<p>&#8216;- Konteynerimiz A-1 kalite galvaniz sactan \u00fcretilmi\u015ftir.<\/p>\n<p>&#8211; G\u00f6vde a\u011fz\u0131 2 mm profil ile \u00e7evrilmi\u015ftir.<\/p>\n<p>&#8211; \u0130ki adet 200 mm \u00e7ap\u0131nda teker kullan\u0131lm\u0131\u015ft\u0131r.<\/p>\n<p>&#8211; Gazalt\u0131 kaynak kullan\u0131larak montaj yap\u0131lm\u0131\u015ft\u0131r.<\/p>\n","protected":false},"excerpt":{"rendered":"<p><strong>\u00dcR\u00dcN \u00d6L\u00c7\u00dcLER\u0130<\/strong><\/p>\n<p><strong>Y\u00fckseklik:<\/strong> 1025 mm<\/p>\n<p><strong>Derinlik:<\/strong> 500 mm<\/p>\n<p><strong>Geni\u015flik:<\/strong> 500 mm<\/p>\n","protected":false},"featured_media":269,"comment_status":"open","ping_status":"closed","template":"","meta":{"content-type":""},"product_cat":[36],"product_tag":[],"class_list":["post-240","product","type-product","status-publish","has-post-thumbnail","hentry","product_cat-galvaniz-cop-konteyneri"],"_links":{"self":[{"href":"http:\/\/www.etametal.com\/eta\/wp-json\/wp\/v2\/product\/240","targetHints":{"allow":["GET"]}}],"collection":[{"href":"http:\/\/www.etametal.com\/eta\/wp-json\/wp\/v2\/product"}],"about":[{"href":"http:\/\/www.etametal.com\/eta\/wp-json\/wp\/v2\/types\/product"}],"replies":[{"embeddable":true,"href":"http:\/\/www.etametal.com\/eta\/wp-json\/wp\/v2\/comments?post=240"}],"wp:featuredmedia":[{"embeddable":true,"href":"http:\/\/www.etametal.com\/eta\/wp-json\/wp\/v2\/media\/269"}],"wp:attachment":[{"href":"http:\/\/www.etametal.com\/eta\/wp-json\/wp\/v2\/media?parent=240"}],"wp:term":[{"taxonomy":"product_cat","embeddable":true,"href":"http:\/\/www.etametal.com\/eta\/wp-json\/wp\/v2\/product_cat?post=240"},{"taxonomy":"product_tag","embeddable":true,"href":"http:\/\/www.etametal.com\/eta\/wp-json\/wp\/v2\/product_tag?post=240"}],"curies":[{"name":"wp","href":"https:\/\/api.w.org\/{rel}","templated":true}]}}