{"id":243,"date":"2022-10-04T13:24:15","date_gmt":"2022-10-04T10:24:15","guid":{"rendered":"http:\/\/www.etametal.com\/eta\/?post_type=product&#038;p=243"},"modified":"2022-10-04T13:24:20","modified_gmt":"2022-10-04T10:24:20","slug":"7-li-atik-toplama-merkezi","status":"publish","type":"product","link":"http:\/\/www.etametal.com\/eta\/product\/7-li-atik-toplama-merkezi\/","title":{"rendered":"7 L\u0130 ATIK TOPLAMA MERKEZ\u0130"},"content":{"rendered":"<p>ATIK TOPLAMA MERKEZ\u0130<\/p>\n","protected":false},"excerpt":{"rendered":"<p>7 L\u0130 ATIK TOPLAMA MERKEZ\u0130<\/p>\n","protected":false},"featured_media":272,"comment_status":"open","ping_status":"closed","template":"","meta":{"content-type":""},"product_cat":[38],"product_tag":[],"class_list":["post-243","product","type-product","status-publish","has-post-thumbnail","hentry","product_cat-atik-toplama-merkezi"],"_links":{"self":[{"href":"http:\/\/www.etametal.com\/eta\/wp-json\/wp\/v2\/product\/243","targetHints":{"allow":["GET"]}}],"collection":[{"href":"http:\/\/www.etametal.com\/eta\/wp-json\/wp\/v2\/product"}],"about":[{"href":"http:\/\/www.etametal.com\/eta\/wp-json\/wp\/v2\/types\/product"}],"replies":[{"embeddable":true,"href":"http:\/\/www.etametal.com\/eta\/wp-json\/wp\/v2\/comments?post=243"}],"wp:featuredmedia":[{"embeddable":true,"href":"http:\/\/www.etametal.com\/eta\/wp-json\/wp\/v2\/media\/272"}],"wp:attachment":[{"href":"http:\/\/www.etametal.com\/eta\/wp-json\/wp\/v2\/media?parent=243"}],"wp:term":[{"taxonomy":"product_cat","embeddable":true,"href":"http:\/\/www.etametal.com\/eta\/wp-json\/wp\/v2\/product_cat?post=243"},{"taxonomy":"product_tag","embeddable":true,"href":"http:\/\/www.etametal.com\/eta\/wp-json\/wp\/v2\/product_tag?post=243"}],"curies":[{"name":"wp","href":"https:\/\/api.w.org\/{rel}","templated":true}]}}