{"id":250,"date":"2022-10-04T13:24:16","date_gmt":"2022-10-04T10:24:16","guid":{"rendered":"http:\/\/www.etametal.com\/eta\/?post_type=product&#038;p=250"},"modified":"2022-10-04T13:24:23","modified_gmt":"2022-10-04T10:24:23","slug":"e818-oda-tipi-geri-donusum-seti-paslanmaz","status":"publish","type":"product","link":"http:\/\/www.etametal.com\/eta\/product\/e818-oda-tipi-geri-donusum-seti-paslanmaz\/","title":{"rendered":"E818 ODA T\u0130P\u0130 GER\u0130 D\u00d6N\u00dc\u015e\u00dcM SET\u0130 PASLANMAZ"},"content":{"rendered":"<p>E818 ODA T\u0130P\u0130 GER\u0130 D\u00d6N\u00dc\u015e\u00dcM SET\u0130 PASLANMAZ<\/p>\n","protected":false},"excerpt":{"rendered":"<p>E818 ODA T\u0130P\u0130 GER\u0130 D\u00d6N\u00dc\u015e\u00dcM SET\u0130 PASLANMAZ<\/p>\n","protected":false},"featured_media":279,"comment_status":"open","ping_status":"closed","template":"","meta":{"content-type":""},"product_cat":[33,40,41],"product_tag":[],"class_list":["post-250","product","type-product","status-publish","has-post-thumbnail","hentry","product_cat-geri-donusum-kovalari","product_cat-sifir-atik-dis-mekan","product_cat-sifir-atik-ic-mekan"],"_links":{"self":[{"href":"http:\/\/www.etametal.com\/eta\/wp-json\/wp\/v2\/product\/250","targetHints":{"allow":["GET"]}}],"collection":[{"href":"http:\/\/www.etametal.com\/eta\/wp-json\/wp\/v2\/product"}],"about":[{"href":"http:\/\/www.etametal.com\/eta\/wp-json\/wp\/v2\/types\/product"}],"replies":[{"embeddable":true,"href":"http:\/\/www.etametal.com\/eta\/wp-json\/wp\/v2\/comments?post=250"}],"wp:featuredmedia":[{"embeddable":true,"href":"http:\/\/www.etametal.com\/eta\/wp-json\/wp\/v2\/media\/279"}],"wp:attachment":[{"href":"http:\/\/www.etametal.com\/eta\/wp-json\/wp\/v2\/media?parent=250"}],"wp:term":[{"taxonomy":"product_cat","embeddable":true,"href":"http:\/\/www.etametal.com\/eta\/wp-json\/wp\/v2\/product_cat?post=250"},{"taxonomy":"product_tag","embeddable":true,"href":"http:\/\/www.etametal.com\/eta\/wp-json\/wp\/v2\/product_tag?post=250"}],"curies":[{"name":"wp","href":"https:\/\/api.w.org\/{rel}","templated":true}]}}