{"id":257,"date":"2022-10-04T13:24:16","date_gmt":"2022-10-04T10:24:16","guid":{"rendered":"http:\/\/www.etametal.com\/eta\/?post_type=product&#038;p=257"},"modified":"2022-10-04T13:24:26","modified_gmt":"2022-10-04T10:24:26","slug":"e810-uclu-geri-donusum-seti-boyali","status":"publish","type":"product","link":"http:\/\/www.etametal.com\/eta\/product\/e810-uclu-geri-donusum-seti-boyali\/","title":{"rendered":"E810 \u00dc\u00c7L\u00dc GER\u0130 D\u00d6N\u00dc\u015e\u00dcM SET\u0130 BOYALI"},"content":{"rendered":"<p>E810 \u00dc\u00c7L\u00dc GER\u0130 D\u00d6N\u00dc\u015e\u00dcM SET\u0130 BOYALI<\/p>\n","protected":false},"excerpt":{"rendered":"<p>E810 \u00dc\u00c7L\u00dc GER\u0130 D\u00d6N\u00dc\u015e\u00dcM SET\u0130 BOYALI<\/p>\n","protected":false},"featured_media":286,"comment_status":"open","ping_status":"closed","template":"","meta":{"content-type":""},"product_cat":[33,40,41],"product_tag":[],"class_list":["post-257","product","type-product","status-publish","has-post-thumbnail","hentry","product_cat-geri-donusum-kovalari","product_cat-sifir-atik-dis-mekan","product_cat-sifir-atik-ic-mekan"],"_links":{"self":[{"href":"http:\/\/www.etametal.com\/eta\/wp-json\/wp\/v2\/product\/257","targetHints":{"allow":["GET"]}}],"collection":[{"href":"http:\/\/www.etametal.com\/eta\/wp-json\/wp\/v2\/product"}],"about":[{"href":"http:\/\/www.etametal.com\/eta\/wp-json\/wp\/v2\/types\/product"}],"replies":[{"embeddable":true,"href":"http:\/\/www.etametal.com\/eta\/wp-json\/wp\/v2\/comments?post=257"}],"wp:featuredmedia":[{"embeddable":true,"href":"http:\/\/www.etametal.com\/eta\/wp-json\/wp\/v2\/media\/286"}],"wp:attachment":[{"href":"http:\/\/www.etametal.com\/eta\/wp-json\/wp\/v2\/media?parent=257"}],"wp:term":[{"taxonomy":"product_cat","embeddable":true,"href":"http:\/\/www.etametal.com\/eta\/wp-json\/wp\/v2\/product_cat?post=257"},{"taxonomy":"product_tag","embeddable":true,"href":"http:\/\/www.etametal.com\/eta\/wp-json\/wp\/v2\/product_tag?post=257"}],"curies":[{"name":"wp","href":"https:\/\/api.w.org\/{rel}","templated":true}]}}