{"id":259,"date":"2022-10-04T13:24:17","date_gmt":"2022-10-04T10:24:17","guid":{"rendered":"http:\/\/www.etametal.com\/eta\/?post_type=product&#038;p=259"},"modified":"2022-10-04T13:24:26","modified_gmt":"2022-10-04T10:24:26","slug":"e807-235-lt-3-bolmeli-geri-donusum-seti-paslanmaz-2","status":"publish","type":"product","link":"http:\/\/www.etametal.com\/eta\/product\/e807-235-lt-3-bolmeli-geri-donusum-seti-paslanmaz-2\/","title":{"rendered":"E807 235 LT 3 B\u00d6LMEL\u0130 GER\u0130 D\u00d6N\u00dc\u015e\u00dcM SET\u0130 PASLANMAZ"},"content":{"rendered":"<p>E807 235 LT 3 B\u00d6LMEL\u0130 GER\u0130 D\u00d6N\u00dc\u015e\u00dcM SET\u0130 PASLANMAZ<\/p>\n","protected":false},"excerpt":{"rendered":"<p>E807 235 LT 3 B\u00d6LMEL\u0130 GER\u0130 D\u00d6N\u00dc\u015e\u00dcM SET\u0130 PASLANMAZ<\/p>\n","protected":false},"featured_media":288,"comment_status":"open","ping_status":"closed","template":"","meta":{"content-type":""},"product_cat":[33,40,41],"product_tag":[],"class_list":["post-259","product","type-product","status-publish","has-post-thumbnail","hentry","product_cat-geri-donusum-kovalari","product_cat-sifir-atik-dis-mekan","product_cat-sifir-atik-ic-mekan"],"_links":{"self":[{"href":"http:\/\/www.etametal.com\/eta\/wp-json\/wp\/v2\/product\/259","targetHints":{"allow":["GET"]}}],"collection":[{"href":"http:\/\/www.etametal.com\/eta\/wp-json\/wp\/v2\/product"}],"about":[{"href":"http:\/\/www.etametal.com\/eta\/wp-json\/wp\/v2\/types\/product"}],"replies":[{"embeddable":true,"href":"http:\/\/www.etametal.com\/eta\/wp-json\/wp\/v2\/comments?post=259"}],"wp:featuredmedia":[{"embeddable":true,"href":"http:\/\/www.etametal.com\/eta\/wp-json\/wp\/v2\/media\/288"}],"wp:attachment":[{"href":"http:\/\/www.etametal.com\/eta\/wp-json\/wp\/v2\/media?parent=259"}],"wp:term":[{"taxonomy":"product_cat","embeddable":true,"href":"http:\/\/www.etametal.com\/eta\/wp-json\/wp\/v2\/product_cat?post=259"},{"taxonomy":"product_tag","embeddable":true,"href":"http:\/\/www.etametal.com\/eta\/wp-json\/wp\/v2\/product_tag?post=259"}],"curies":[{"name":"wp","href":"https:\/\/api.w.org\/{rel}","templated":true}]}}