{"id":261,"date":"2022-10-04T13:24:17","date_gmt":"2022-10-04T10:24:17","guid":{"rendered":"http:\/\/www.etametal.com\/eta\/?post_type=product&#038;p=261"},"modified":"2022-10-04T13:24:27","modified_gmt":"2022-10-04T10:24:27","slug":"e804-96-lt-boyali-geri-donusum-kovasi-2","status":"publish","type":"product","link":"http:\/\/www.etametal.com\/eta\/product\/e804-96-lt-boyali-geri-donusum-kovasi-2\/","title":{"rendered":"E804 96 LT BOYALI GER\u0130 D\u00d6N\u00dc\u015e\u00dcM KOVASI"},"content":{"rendered":"<p>E804 96 LT BOYALI GER\u0130 D\u00d6N\u00dc\u015e\u00dcM KOVASI<\/p>\n","protected":false},"excerpt":{"rendered":"<p>E804 96 LT BOYALI GER\u0130 D\u00d6N\u00dc\u015e\u00dcM KOVASI<\/p>\n","protected":false},"featured_media":290,"comment_status":"open","ping_status":"closed","template":"","meta":{"content-type":""},"product_cat":[33,40,41],"product_tag":[],"class_list":["post-261","product","type-product","status-publish","has-post-thumbnail","hentry","product_cat-geri-donusum-kovalari","product_cat-sifir-atik-dis-mekan","product_cat-sifir-atik-ic-mekan"],"_links":{"self":[{"href":"http:\/\/www.etametal.com\/eta\/wp-json\/wp\/v2\/product\/261","targetHints":{"allow":["GET"]}}],"collection":[{"href":"http:\/\/www.etametal.com\/eta\/wp-json\/wp\/v2\/product"}],"about":[{"href":"http:\/\/www.etametal.com\/eta\/wp-json\/wp\/v2\/types\/product"}],"replies":[{"embeddable":true,"href":"http:\/\/www.etametal.com\/eta\/wp-json\/wp\/v2\/comments?post=261"}],"wp:featuredmedia":[{"embeddable":true,"href":"http:\/\/www.etametal.com\/eta\/wp-json\/wp\/v2\/media\/290"}],"wp:attachment":[{"href":"http:\/\/www.etametal.com\/eta\/wp-json\/wp\/v2\/media?parent=261"}],"wp:term":[{"taxonomy":"product_cat","embeddable":true,"href":"http:\/\/www.etametal.com\/eta\/wp-json\/wp\/v2\/product_cat?post=261"},{"taxonomy":"product_tag","embeddable":true,"href":"http:\/\/www.etametal.com\/eta\/wp-json\/wp\/v2\/product_tag?post=261"}],"curies":[{"name":"wp","href":"https:\/\/api.w.org\/{rel}","templated":true}]}}