{"id":291,"date":"2022-10-04T13:24:28","date_gmt":"2022-10-04T10:24:28","guid":{"rendered":"http:\/\/www.etametal.com\/eta\/?post_type=product&#038;p=291"},"modified":"2022-10-04T13:24:31","modified_gmt":"2022-10-04T10:24:31","slug":"e801-27-lt-geri-donusum-cop-kovasi-paslanmaz","status":"publish","type":"product","link":"http:\/\/www.etametal.com\/eta\/product\/e801-27-lt-geri-donusum-cop-kovasi-paslanmaz\/","title":{"rendered":"E801 27 LT GER\u0130 D\u00d6N\u00dc\u015e\u00dcM \u00c7\u00d6P KOVASI PASLANMAZ"},"content":{"rendered":"<p>E801 27 LT GER\u0130 D\u00d6N\u00dc\u015e\u00dcM \u00c7\u00d6P KOVASI PASLANMAZ<\/p>\n","protected":false},"excerpt":{"rendered":"<p>E801 27 LT GER\u0130 D\u00d6N\u00dc\u015e\u00dcM \u00c7\u00d6P KOVASI PASLANMAZ<\/p>\n","protected":false},"featured_media":321,"comment_status":"open","ping_status":"closed","template":"","meta":{"content-type":""},"product_cat":[33,40,41],"product_tag":[],"class_list":["post-291","product","type-product","status-publish","has-post-thumbnail","hentry","product_cat-geri-donusum-kovalari","product_cat-sifir-atik-dis-mekan","product_cat-sifir-atik-ic-mekan"],"_links":{"self":[{"href":"http:\/\/www.etametal.com\/eta\/wp-json\/wp\/v2\/product\/291","targetHints":{"allow":["GET"]}}],"collection":[{"href":"http:\/\/www.etametal.com\/eta\/wp-json\/wp\/v2\/product"}],"about":[{"href":"http:\/\/www.etametal.com\/eta\/wp-json\/wp\/v2\/types\/product"}],"replies":[{"embeddable":true,"href":"http:\/\/www.etametal.com\/eta\/wp-json\/wp\/v2\/comments?post=291"}],"wp:featuredmedia":[{"embeddable":true,"href":"http:\/\/www.etametal.com\/eta\/wp-json\/wp\/v2\/media\/321"}],"wp:attachment":[{"href":"http:\/\/www.etametal.com\/eta\/wp-json\/wp\/v2\/media?parent=291"}],"wp:term":[{"taxonomy":"product_cat","embeddable":true,"href":"http:\/\/www.etametal.com\/eta\/wp-json\/wp\/v2\/product_cat?post=291"},{"taxonomy":"product_tag","embeddable":true,"href":"http:\/\/www.etametal.com\/eta\/wp-json\/wp\/v2\/product_tag?post=291"}],"curies":[{"name":"wp","href":"https:\/\/api.w.org\/{rel}","templated":true}]}}