{"id":292,"date":"2022-10-04T13:24:28","date_gmt":"2022-10-04T10:24:28","guid":{"rendered":"http:\/\/www.etametal.com\/eta\/?post_type=product&#038;p=292"},"modified":"2022-10-04T13:24:32","modified_gmt":"2022-10-04T10:24:32","slug":"baskili-atik-cop-torbalari","status":"publish","type":"product","link":"http:\/\/www.etametal.com\/eta\/product\/baskili-atik-cop-torbalari\/","title":{"rendered":"BASKILI ATIK \u00c7\u00d6P TORBALARI"},"content":{"rendered":"<table width=\"2093\">\n<tbody>\n<tr>\n<td width=\"64\"><\/td>\n<td colspan=\"9\" width=\"1696\">KA\u011eIT-CAM-EVSEL-BL\u0130STER-BAH\u00c7E-TEHL\u0130KEL\u0130-K\u0130RL\u0130 \u00c7AMA\u015eIR-GER\u0130 D\u00d6N\u00dc\u015e\u00dcM \u201cBASKILI ATIK TORBALARI\u201d<\/td>\n<td width=\"188\"><\/td>\n<td width=\"145\"><\/td>\n<\/tr>\n<tr>\n<td><\/td>\n<td><strong>Kod<\/strong><\/td>\n<td><strong>\u00dcr\u00fcn<\/strong><\/td>\n<td><strong>Renk<\/strong><\/td>\n<td><strong>Ebat En x Boy cm<\/strong><\/td>\n<td><strong>Kal\u0131nl\u0131k 2 Kat<\/strong><\/td>\n<td><strong>Rulo A\u011f\u0131rl\u0131k<\/strong><\/td>\n<td><strong>Kaynak \u015eekli<\/strong><\/td>\n<td><strong>Koli A\u011f\u0131rl\u0131k<\/strong><\/td>\n<td><strong>Rulo \u0130\u00e7i Adet<\/strong><\/td>\n<td><strong>Koli \u0130\u00e7i Rulo<\/strong><\/td>\n<td><strong>Hacim<\/strong><\/td>\n<\/tr>\n<tr>\n<td><\/td>\n<td>57<\/td>\n<td>Orta<\/td>\n<td>Her Renk<\/td>\n<td>55&#215;60<\/td>\n<td>100 mikron<\/td>\n<td>300<\/td>\n<td>D\u00fcz<\/td>\n<td>6 kg<\/td>\n<td>10<\/td>\n<td>20<\/td>\n<td>30 litre<\/td>\n<\/tr>\n<tr>\n<td><\/td>\n<td>58<\/td>\n<td>B\u00fcy\u00fck<\/td>\n<td>Her Renk<\/td>\n<td>65&#215;80<\/td>\n<td>100 mikron<\/td>\n<td>480<\/td>\n<td>D\u00fcz<\/td>\n<td>9.6 kg<\/td>\n<td>10<\/td>\n<td>20<\/td>\n<td>50 litre<\/td>\n<\/tr>\n<tr>\n<td><\/td>\n<td>59<\/td>\n<td>Battal<\/td>\n<td>Her Renk<\/td>\n<td>70&#215;90<\/td>\n<td>100 mikron<\/td>\n<td>600<\/td>\n<td>D\u00fcz<\/td>\n<td>12 kg<\/td>\n<td>10<\/td>\n<td>20<\/td>\n<td>70 litre<\/td>\n<\/tr>\n<tr>\n<td><\/td>\n<td>60<\/td>\n<td>Jumbo<\/td>\n<td>Her Renk<\/td>\n<td>80&#215;110<\/td>\n<td>100 mikron<\/td>\n<td>800<\/td>\n<td>D\u00fcz<\/td>\n<td>16 kg<\/td>\n<td>10<\/td>\n<td>20<\/td>\n<td>90 litre<\/td>\n<\/tr>\n<tr>\n<td><\/td>\n<td>61<\/td>\n<td>Hantal<\/td>\n<td>Her Renk<\/td>\n<td>100&#215;150<\/td>\n<td>100 mikron<\/td>\n<td>1400<\/td>\n<td>D\u00fcz<\/td>\n<td>14 kg<\/td>\n<td>10<\/td>\n<td>10<\/td>\n<td>200 litre<\/td>\n<\/tr>\n<tr>\n<td><\/td>\n<td>62<\/td>\n<td>Konteyner<\/td>\n<td>Her Renk<\/td>\n<td>120&#215;150<\/td>\n<td>95 mikron<\/td>\n<td>1600<\/td>\n<td>D\u00fcz<\/td>\n<td>8 kg<\/td>\n<td>10<\/td>\n<td>5<\/td>\n<td>240 litre<\/td>\n<\/tr>\n<tr>\n<td><\/td>\n<td><\/td>\n<td><\/td>\n<td><\/td>\n<td><\/td>\n<td><\/td>\n<td><\/td>\n<td><\/td>\n<td><\/td>\n<td><\/td>\n<td><\/td>\n<td><\/td>\n<\/tr>\n<\/tbody>\n<\/table>\n","protected":false},"excerpt":{"rendered":"<p>BASKILI ATIK \u00c7\u00d6P TORBALARI<\/p>\n","protected":false},"featured_media":322,"comment_status":"open","ping_status":"closed","template":"","meta":{"content-type":""},"product_cat":[42],"product_tag":[],"class_list":["post-292","product","type-product","status-publish","has-post-thumbnail","hentry","product_cat-cop-poseti"],"_links":{"self":[{"href":"http:\/\/www.etametal.com\/eta\/wp-json\/wp\/v2\/product\/292","targetHints":{"allow":["GET"]}}],"collection":[{"href":"http:\/\/www.etametal.com\/eta\/wp-json\/wp\/v2\/product"}],"about":[{"href":"http:\/\/www.etametal.com\/eta\/wp-json\/wp\/v2\/types\/product"}],"replies":[{"embeddable":true,"href":"http:\/\/www.etametal.com\/eta\/wp-json\/wp\/v2\/comments?post=292"}],"wp:featuredmedia":[{"embeddable":true,"href":"http:\/\/www.etametal.com\/eta\/wp-json\/wp\/v2\/media\/322"}],"wp:attachment":[{"href":"http:\/\/www.etametal.com\/eta\/wp-json\/wp\/v2\/media?parent=292"}],"wp:term":[{"taxonomy":"product_cat","embeddable":true,"href":"http:\/\/www.etametal.com\/eta\/wp-json\/wp\/v2\/product_cat?post=292"},{"taxonomy":"product_tag","embeddable":true,"href":"http:\/\/www.etametal.com\/eta\/wp-json\/wp\/v2\/product_tag?post=292"}],"curies":[{"name":"wp","href":"https:\/\/api.w.org\/{rel}","templated":true}]}}