{"id":293,"date":"2022-10-04T13:24:28","date_gmt":"2022-10-04T10:24:28","guid":{"rendered":"http:\/\/www.etametal.com\/eta\/?post_type=product&#038;p=293"},"modified":"2022-10-04T13:24:32","modified_gmt":"2022-10-04T10:24:32","slug":"tibbi-atik-baskili-cop-posetleri","status":"publish","type":"product","link":"http:\/\/www.etametal.com\/eta\/product\/tibbi-atik-baskili-cop-posetleri\/","title":{"rendered":"TIBBI ATIK &#8211; BASKILI \u00c7\u00d6P PO\u015eETLER\u0130"},"content":{"rendered":"<table width=\"2093\">\n<tbody>\n<tr>\n<td width=\"64\"><\/td>\n<td colspan=\"4\" width=\"690\">TIBB\u0130 ATIK BASKILI<\/td>\n<td width=\"248\"><\/td>\n<td width=\"183\"><\/td>\n<td width=\"201\"><\/td>\n<td width=\"171\"><\/td>\n<td width=\"203\"><\/td>\n<td width=\"188\"><\/td>\n<td width=\"145\"><\/td>\n<\/tr>\n<tr>\n<td><\/td>\n<td>Kod<\/td>\n<td>\u00dcr\u00fcn<\/td>\n<td>Renk<\/td>\n<td>Ebat En x Boy cm<\/td>\n<td>Kal\u0131nl\u0131k 2 Kat<\/td>\n<td>Rulo A\u011f\u0131rl\u0131k<\/td>\n<td>Kaynak \u015eekli<\/td>\n<td>Koli A\u011f\u0131rl\u0131k<\/td>\n<td>Rulo \u0130\u00e7i Adet<\/td>\n<td>Koli \u0130\u00e7i Rulo<\/td>\n<td>Hacim<\/td>\n<\/tr>\n<tr>\n<td><\/td>\n<td>52<\/td>\n<td>Orta<\/td>\n<td>K\u0131rm\u0131z\u0131<\/td>\n<td>55&#215;60<\/td>\n<td>100 mikron<\/td>\n<td>300<\/td>\n<td>D\u00fcz<\/td>\n<td>6 kg<\/td>\n<td>10<\/td>\n<td>20<\/td>\n<td>30 litre<\/td>\n<\/tr>\n<tr>\n<td><\/td>\n<td>53<\/td>\n<td>B\u00fcy\u00fck<\/td>\n<td>K\u0131rm\u0131z\u0131<\/td>\n<td>65&#215;80<\/td>\n<td>100 mikron<\/td>\n<td>480<\/td>\n<td>D\u00fcz<\/td>\n<td>9.6 kg<\/td>\n<td>10<\/td>\n<td>20<\/td>\n<td>50 litre<\/td>\n<\/tr>\n<tr>\n<td><\/td>\n<td>54<\/td>\n<td>Battal<\/td>\n<td>K\u0131rm\u0131z\u0131<\/td>\n<td>70&#215;90<\/td>\n<td>100 mikron<\/td>\n<td>600<\/td>\n<td>D\u00fcz<\/td>\n<td>12 kg<\/td>\n<td>10<\/td>\n<td>20<\/td>\n<td>70 litre<\/td>\n<\/tr>\n<tr>\n<td><\/td>\n<td>55<\/td>\n<td>Jumbo<\/td>\n<td>K\u0131rm\u0131z\u0131<\/td>\n<td>80&#215;110<\/td>\n<td>100 mikron<\/td>\n<td>800<\/td>\n<td>D\u00fcz<\/td>\n<td>16 kg<\/td>\n<td>10<\/td>\n<td>20<\/td>\n<td>90 litre<\/td>\n<\/tr>\n<tr>\n<td><\/td>\n<td>56<\/td>\n<td>Hantal<\/td>\n<td>K\u0131rm\u0131z\u0131<\/td>\n<td>100&#215;150<\/td>\n<td>100 mikron<\/td>\n<td>1400<\/td>\n<td>D\u00fcz<\/td>\n<td>14 kg<\/td>\n<td>10<\/td>\n<td>10<\/td>\n<td>200 litre<\/td>\n<\/tr>\n<\/tbody>\n<\/table>\n","protected":false},"excerpt":{"rendered":"<p>TIBBI ATIK &#8211; BASKILI \u00c7\u00d6P PO\u015eETLER\u0130<\/p>\n","protected":false},"featured_media":322,"comment_status":"open","ping_status":"closed","template":"","meta":{"content-type":""},"product_cat":[42],"product_tag":[],"class_list":["post-293","product","type-product","status-publish","has-post-thumbnail","hentry","product_cat-cop-poseti"],"_links":{"self":[{"href":"http:\/\/www.etametal.com\/eta\/wp-json\/wp\/v2\/product\/293","targetHints":{"allow":["GET"]}}],"collection":[{"href":"http:\/\/www.etametal.com\/eta\/wp-json\/wp\/v2\/product"}],"about":[{"href":"http:\/\/www.etametal.com\/eta\/wp-json\/wp\/v2\/types\/product"}],"replies":[{"embeddable":true,"href":"http:\/\/www.etametal.com\/eta\/wp-json\/wp\/v2\/comments?post=293"}],"wp:featuredmedia":[{"embeddable":true,"href":"http:\/\/www.etametal.com\/eta\/wp-json\/wp\/v2\/media\/322"}],"wp:attachment":[{"href":"http:\/\/www.etametal.com\/eta\/wp-json\/wp\/v2\/media?parent=293"}],"wp:term":[{"taxonomy":"product_cat","embeddable":true,"href":"http:\/\/www.etametal.com\/eta\/wp-json\/wp\/v2\/product_cat?post=293"},{"taxonomy":"product_tag","embeddable":true,"href":"http:\/\/www.etametal.com\/eta\/wp-json\/wp\/v2\/product_tag?post=293"}],"curies":[{"name":"wp","href":"https:\/\/api.w.org\/{rel}","templated":true}]}}