{"id":295,"date":"2022-10-04T13:24:28","date_gmt":"2022-10-04T10:24:28","guid":{"rendered":"http:\/\/www.etametal.com\/eta\/?post_type=product&#038;p=295"},"modified":"2022-10-04T13:24:32","modified_gmt":"2022-10-04T10:24:32","slug":"agir-hizmet-cop-posetleri","status":"publish","type":"product","link":"http:\/\/www.etametal.com\/eta\/product\/agir-hizmet-cop-posetleri\/","title":{"rendered":"A\u011eIR H\u0130ZMET \u00c7\u00d6P PO\u015eETLER\u0130"},"content":{"rendered":"<table width=\"2093\">\n<tbody>\n<tr>\n<td width=\"64\"><\/td>\n<td colspan=\"4\" width=\"690\">A\u011eIR H\u0130ZMET<\/td>\n<td width=\"248\"><\/td>\n<td width=\"183\"><\/td>\n<td width=\"201\"><\/td>\n<td width=\"171\"><\/td>\n<td width=\"203\"><\/td>\n<td width=\"188\"><\/td>\n<td width=\"145\"><\/td>\n<\/tr>\n<tr>\n<td><\/td>\n<td>Kod<\/td>\n<td>\u00dcr\u00fcn<\/td>\n<td>Renk<\/td>\n<td>Ebat En x Boy cm<\/td>\n<td>Kal\u0131nl\u0131k 2 Kat<\/td>\n<td>Rulo A\u011f\u0131rl\u0131k<\/td>\n<td>Kaynak \u015eekli<\/td>\n<td>Koli A\u011f\u0131rl\u0131k<\/td>\n<td>Rulo \u0130\u00e7i Adet<\/td>\n<td>Koli \u0130\u00e7i Rulo<\/td>\n<td>Hacim<\/td>\n<\/tr>\n<tr>\n<td><\/td>\n<td>37<\/td>\n<td>Battal<\/td>\n<td>Siyah<\/td>\n<td>70&#215;90<\/td>\n<td>85 mikron<\/td>\n<td>500<\/td>\n<td>D\u00fcz<\/td>\n<td>10 kg<\/td>\n<td>10<\/td>\n<td>20<\/td>\n<td>70 litre<\/td>\n<\/tr>\n<tr>\n<td><\/td>\n<td>38<\/td>\n<td>Battal<\/td>\n<td>Mavi<\/td>\n<td>70&#215;90<\/td>\n<td>85 mikron<\/td>\n<td>500<\/td>\n<td>D\u00fcz<\/td>\n<td>10 kg<\/td>\n<td>10<\/td>\n<td>20<\/td>\n<td>70 litre<\/td>\n<\/tr>\n<tr>\n<td><\/td>\n<td>39<\/td>\n<td>Jumbo<\/td>\n<td>Siyah<\/td>\n<td>80&#215;110<\/td>\n<td>73 mikron<\/td>\n<td>600<\/td>\n<td>D\u00fcz<\/td>\n<td>6 kg<\/td>\n<td>10<\/td>\n<td>10<\/td>\n<td>90 litre<\/td>\n<\/tr>\n<tr>\n<td><\/td>\n<td>40<\/td>\n<td>Jumbo<\/td>\n<td>Mavi<\/td>\n<td>80&#215;110<\/td>\n<td>73 mikron<\/td>\n<td>600<\/td>\n<td>D\u00fcz<\/td>\n<td>6 kg<\/td>\n<td>10<\/td>\n<td>10<\/td>\n<td>90 litre<\/td>\n<\/tr>\n<tr>\n<td><\/td>\n<td>41<\/td>\n<td>Hantal<\/td>\n<td>Siyah<\/td>\n<td>100&#215;150<\/td>\n<td>71 mikron<\/td>\n<td>1000<\/td>\n<td>D\u00fcz<\/td>\n<td>10 kg<\/td>\n<td>10<\/td>\n<td>10<\/td>\n<td>200 litre<\/td>\n<\/tr>\n<tr>\n<td><\/td>\n<td>42<\/td>\n<td>Hantal<\/td>\n<td>Mavi<\/td>\n<td>100&#215;150<\/td>\n<td>71 mikron<\/td>\n<td>1000<\/td>\n<td>D\u00fcz<\/td>\n<td>10 kg<\/td>\n<td>10<\/td>\n<td>10<\/td>\n<td>200 litre<\/td>\n<\/tr>\n<tr>\n<td><\/td>\n<td>43<\/td>\n<td>Konteyner<\/td>\n<td>Siyah<\/td>\n<td>120&#215;150<\/td>\n<td>72 mikron<\/td>\n<td>1200<\/td>\n<td>D\u00fcz<\/td>\n<td>12 kg<\/td>\n<td>10<\/td>\n<td>10<\/td>\n<td>240 litre<\/td>\n<\/tr>\n<tr>\n<td><\/td>\n<td>44<\/td>\n<td>Konteyner<\/td>\n<td>Mavi<\/td>\n<td>120&#215;150<\/td>\n<td>72 mikron<\/td>\n<td>1200<\/td>\n<td>D\u00fcz<\/td>\n<td>12 kg<\/td>\n<td>10<\/td>\n<td>10<\/td>\n<td>240 litre<\/td>\n<\/tr>\n<\/tbody>\n<\/table>\n","protected":false},"excerpt":{"rendered":"<p>\u00a0A\u011eIR H\u0130ZMET \u00c7\u00d6P PO\u015eETLER\u0130<\/p>\n","protected":false},"featured_media":322,"comment_status":"open","ping_status":"closed","template":"","meta":{"content-type":""},"product_cat":[42],"product_tag":[],"class_list":["post-295","product","type-product","status-publish","has-post-thumbnail","hentry","product_cat-cop-poseti"],"_links":{"self":[{"href":"http:\/\/www.etametal.com\/eta\/wp-json\/wp\/v2\/product\/295","targetHints":{"allow":["GET"]}}],"collection":[{"href":"http:\/\/www.etametal.com\/eta\/wp-json\/wp\/v2\/product"}],"about":[{"href":"http:\/\/www.etametal.com\/eta\/wp-json\/wp\/v2\/types\/product"}],"replies":[{"embeddable":true,"href":"http:\/\/www.etametal.com\/eta\/wp-json\/wp\/v2\/comments?post=295"}],"wp:featuredmedia":[{"embeddable":true,"href":"http:\/\/www.etametal.com\/eta\/wp-json\/wp\/v2\/media\/322"}],"wp:attachment":[{"href":"http:\/\/www.etametal.com\/eta\/wp-json\/wp\/v2\/media?parent=295"}],"wp:term":[{"taxonomy":"product_cat","embeddable":true,"href":"http:\/\/www.etametal.com\/eta\/wp-json\/wp\/v2\/product_cat?post=295"},{"taxonomy":"product_tag","embeddable":true,"href":"http:\/\/www.etametal.com\/eta\/wp-json\/wp\/v2\/product_tag?post=295"}],"curies":[{"name":"wp","href":"https:\/\/api.w.org\/{rel}","templated":true}]}}