{"id":306,"date":"2022-10-04T13:24:29","date_gmt":"2022-10-04T10:24:29","guid":{"rendered":"http:\/\/www.etametal.com\/eta\/?post_type=product&#038;p=306"},"modified":"2022-10-04T13:24:35","modified_gmt":"2022-10-04T10:24:35","slug":"e171-40-lt-kubik-cop-kovasi-metal-ic-kovali","status":"publish","type":"product","link":"http:\/\/www.etametal.com\/eta\/product\/e171-40-lt-kubik-cop-kovasi-metal-ic-kovali\/","title":{"rendered":"E171 40 LT K\u00dcB\u0130K \u00c7\u00d6P KOVASI METAL \u0130\u00c7 KOVALI"},"content":{"rendered":"<p>E171 40 LT K\u00dcB\u0130K \u00c7\u00d6P KOVASI METAL \u0130\u00c7 KOVALI<\/p>\n","protected":false},"excerpt":{"rendered":"<p>E171 40 LT K\u00dcB\u0130K \u00c7\u00d6P KOVASI METAL \u0130\u00c7 KOVALI<\/p>\n","protected":false},"featured_media":330,"comment_status":"open","ping_status":"closed","template":"","meta":{"content-type":""},"product_cat":[37],"product_tag":[],"class_list":["post-306","product","type-product","status-publish","has-post-thumbnail","hentry","product_cat-dis-mekan-cop-kovalari"],"_links":{"self":[{"href":"http:\/\/www.etametal.com\/eta\/wp-json\/wp\/v2\/product\/306","targetHints":{"allow":["GET"]}}],"collection":[{"href":"http:\/\/www.etametal.com\/eta\/wp-json\/wp\/v2\/product"}],"about":[{"href":"http:\/\/www.etametal.com\/eta\/wp-json\/wp\/v2\/types\/product"}],"replies":[{"embeddable":true,"href":"http:\/\/www.etametal.com\/eta\/wp-json\/wp\/v2\/comments?post=306"}],"wp:featuredmedia":[{"embeddable":true,"href":"http:\/\/www.etametal.com\/eta\/wp-json\/wp\/v2\/media\/330"}],"wp:attachment":[{"href":"http:\/\/www.etametal.com\/eta\/wp-json\/wp\/v2\/media?parent=306"}],"wp:term":[{"taxonomy":"product_cat","embeddable":true,"href":"http:\/\/www.etametal.com\/eta\/wp-json\/wp\/v2\/product_cat?post=306"},{"taxonomy":"product_tag","embeddable":true,"href":"http:\/\/www.etametal.com\/eta\/wp-json\/wp\/v2\/product_tag?post=306"}],"curies":[{"name":"wp","href":"https:\/\/api.w.org\/{rel}","templated":true}]}}