{"id":307,"date":"2022-10-04T13:24:30","date_gmt":"2022-10-04T10:24:30","guid":{"rendered":"http:\/\/www.etametal.com\/eta\/?post_type=product&#038;p=307"},"modified":"2022-10-04T13:24:35","modified_gmt":"2022-10-04T10:24:35","slug":"169-54-lt-outdoor-cop-kovasi-boyali","status":"publish","type":"product","link":"http:\/\/www.etametal.com\/eta\/product\/169-54-lt-outdoor-cop-kovasi-boyali\/","title":{"rendered":"169 54 LT OUTDOOR \u00c7\u00d6P KOVASI BOYALI"},"content":{"rendered":"<p>169 54 LT OUTDOOR \u00c7\u00d6P KOVASI BOYALI<\/p>\n","protected":false},"excerpt":{"rendered":"<p>169 54 LT OUTDOOR \u00c7\u00d6P KOVASI BOYALI<\/p>\n","protected":false},"featured_media":331,"comment_status":"open","ping_status":"closed","template":"","meta":{"content-type":""},"product_cat":[37],"product_tag":[],"class_list":["post-307","product","type-product","status-publish","has-post-thumbnail","hentry","product_cat-dis-mekan-cop-kovalari"],"_links":{"self":[{"href":"http:\/\/www.etametal.com\/eta\/wp-json\/wp\/v2\/product\/307","targetHints":{"allow":["GET"]}}],"collection":[{"href":"http:\/\/www.etametal.com\/eta\/wp-json\/wp\/v2\/product"}],"about":[{"href":"http:\/\/www.etametal.com\/eta\/wp-json\/wp\/v2\/types\/product"}],"replies":[{"embeddable":true,"href":"http:\/\/www.etametal.com\/eta\/wp-json\/wp\/v2\/comments?post=307"}],"wp:featuredmedia":[{"embeddable":true,"href":"http:\/\/www.etametal.com\/eta\/wp-json\/wp\/v2\/media\/331"}],"wp:attachment":[{"href":"http:\/\/www.etametal.com\/eta\/wp-json\/wp\/v2\/media?parent=307"}],"wp:term":[{"taxonomy":"product_cat","embeddable":true,"href":"http:\/\/www.etametal.com\/eta\/wp-json\/wp\/v2\/product_cat?post=307"},{"taxonomy":"product_tag","embeddable":true,"href":"http:\/\/www.etametal.com\/eta\/wp-json\/wp\/v2\/product_tag?post=307"}],"curies":[{"name":"wp","href":"https:\/\/api.w.org\/{rel}","templated":true}]}}