{"id":311,"date":"2022-10-04T13:24:30","date_gmt":"2022-10-04T10:24:30","guid":{"rendered":"http:\/\/www.etametal.com\/eta\/?post_type=product&#038;p=311"},"modified":"2022-10-04T13:24:36","modified_gmt":"2022-10-04T10:24:36","slug":"e156-45-lt-outdoor-dekoratif-cop-kovasi-ic-kovali","status":"publish","type":"product","link":"http:\/\/www.etametal.com\/eta\/product\/e156-45-lt-outdoor-dekoratif-cop-kovasi-ic-kovali\/","title":{"rendered":"E156 45 LT OUTDOOR DEKORAT\u0130F \u00c7\u00d6P KOVASI \u0130\u00c7 KOVALI"},"content":{"rendered":"<p>E156 45 LT OUTDOOR DEKORAT\u0130F \u00c7\u00d6P KOVASI \u0130\u00c7 KOVALI<\/p>\n","protected":false},"excerpt":{"rendered":"<p>E156 45 LT OUTDOOR DEKORAT\u0130F \u00c7\u00d6P KOVASI \u0130\u00c7 KOVALI<\/p>\n","protected":false},"featured_media":335,"comment_status":"open","ping_status":"closed","template":"","meta":{"content-type":""},"product_cat":[37],"product_tag":[],"class_list":["post-311","product","type-product","status-publish","has-post-thumbnail","hentry","product_cat-dis-mekan-cop-kovalari"],"_links":{"self":[{"href":"http:\/\/www.etametal.com\/eta\/wp-json\/wp\/v2\/product\/311","targetHints":{"allow":["GET"]}}],"collection":[{"href":"http:\/\/www.etametal.com\/eta\/wp-json\/wp\/v2\/product"}],"about":[{"href":"http:\/\/www.etametal.com\/eta\/wp-json\/wp\/v2\/types\/product"}],"replies":[{"embeddable":true,"href":"http:\/\/www.etametal.com\/eta\/wp-json\/wp\/v2\/comments?post=311"}],"wp:featuredmedia":[{"embeddable":true,"href":"http:\/\/www.etametal.com\/eta\/wp-json\/wp\/v2\/media\/335"}],"wp:attachment":[{"href":"http:\/\/www.etametal.com\/eta\/wp-json\/wp\/v2\/media?parent=311"}],"wp:term":[{"taxonomy":"product_cat","embeddable":true,"href":"http:\/\/www.etametal.com\/eta\/wp-json\/wp\/v2\/product_cat?post=311"},{"taxonomy":"product_tag","embeddable":true,"href":"http:\/\/www.etametal.com\/eta\/wp-json\/wp\/v2\/product_tag?post=311"}],"curies":[{"name":"wp","href":"https:\/\/api.w.org\/{rel}","templated":true}]}}