{"id":312,"date":"2022-10-04T13:24:30","date_gmt":"2022-10-04T10:24:30","guid":{"rendered":"http:\/\/www.etametal.com\/eta\/?post_type=product&#038;p=312"},"modified":"2022-10-04T13:24:36","modified_gmt":"2022-10-04T10:24:36","slug":"e155-30-lt-outdoor-cop-kovasi-ic-kovali-ve-doner-kulluklu","status":"publish","type":"product","link":"http:\/\/www.etametal.com\/eta\/product\/e155-30-lt-outdoor-cop-kovasi-ic-kovali-ve-doner-kulluklu\/","title":{"rendered":"E155 30 LT OUTDOOR \u00c7\u00d6P KOVASI \u0130\u00c7 KOVALI VE D\u00d6NER K\u00dcLL\u00dcKL\u00dc"},"content":{"rendered":"<p>E155 30 LT OUTDOOR \u00c7\u00d6P KOVASI \u0130\u00c7 KOVALI VE D\u00d6NER K\u00dcLL\u00dcKL\u00dc<\/p>\n","protected":false},"excerpt":{"rendered":"<p>E155 30 LT OUTDOOR \u00c7\u00d6P KOVASI \u0130\u00c7 KOVALI VE D\u00d6NER K\u00dcLL\u00dcKL\u00dc<\/p>\n","protected":false},"featured_media":336,"comment_status":"open","ping_status":"closed","template":"","meta":{"content-type":""},"product_cat":[37],"product_tag":[],"class_list":["post-312","product","type-product","status-publish","has-post-thumbnail","hentry","product_cat-dis-mekan-cop-kovalari"],"_links":{"self":[{"href":"http:\/\/www.etametal.com\/eta\/wp-json\/wp\/v2\/product\/312","targetHints":{"allow":["GET"]}}],"collection":[{"href":"http:\/\/www.etametal.com\/eta\/wp-json\/wp\/v2\/product"}],"about":[{"href":"http:\/\/www.etametal.com\/eta\/wp-json\/wp\/v2\/types\/product"}],"replies":[{"embeddable":true,"href":"http:\/\/www.etametal.com\/eta\/wp-json\/wp\/v2\/comments?post=312"}],"wp:featuredmedia":[{"embeddable":true,"href":"http:\/\/www.etametal.com\/eta\/wp-json\/wp\/v2\/media\/336"}],"wp:attachment":[{"href":"http:\/\/www.etametal.com\/eta\/wp-json\/wp\/v2\/media?parent=312"}],"wp:term":[{"taxonomy":"product_cat","embeddable":true,"href":"http:\/\/www.etametal.com\/eta\/wp-json\/wp\/v2\/product_cat?post=312"},{"taxonomy":"product_tag","embeddable":true,"href":"http:\/\/www.etametal.com\/eta\/wp-json\/wp\/v2\/product_tag?post=312"}],"curies":[{"name":"wp","href":"https:\/\/api.w.org\/{rel}","templated":true}]}}