{"id":314,"date":"2022-10-04T13:24:30","date_gmt":"2022-10-04T10:24:30","guid":{"rendered":"http:\/\/www.etametal.com\/eta\/?post_type=product&#038;p=314"},"modified":"2022-10-04T13:24:37","modified_gmt":"2022-10-04T10:24:37","slug":"e151-45-lt-kare-outdoor-cop-kovasi-ic-kovali","status":"publish","type":"product","link":"http:\/\/www.etametal.com\/eta\/product\/e151-45-lt-kare-outdoor-cop-kovasi-ic-kovali\/","title":{"rendered":"E151 45 LT KARE OUTDOOR \u00c7\u00d6P KOVASI \u0130\u00c7 KOVALI"},"content":{"rendered":"<p>E151 45 LT KARE OUTDOOR \u00c7\u00d6P KOVASI \u0130\u00c7 KOVALI<\/p>\n","protected":false},"excerpt":{"rendered":"<p>E151 45 LT KARE OUTDOOR \u00c7\u00d6P KOVASI \u0130\u00c7 KOVALI<\/p>\n","protected":false},"featured_media":338,"comment_status":"open","ping_status":"closed","template":"","meta":{"content-type":""},"product_cat":[37],"product_tag":[],"class_list":["post-314","product","type-product","status-publish","has-post-thumbnail","hentry","product_cat-dis-mekan-cop-kovalari"],"_links":{"self":[{"href":"http:\/\/www.etametal.com\/eta\/wp-json\/wp\/v2\/product\/314","targetHints":{"allow":["GET"]}}],"collection":[{"href":"http:\/\/www.etametal.com\/eta\/wp-json\/wp\/v2\/product"}],"about":[{"href":"http:\/\/www.etametal.com\/eta\/wp-json\/wp\/v2\/types\/product"}],"replies":[{"embeddable":true,"href":"http:\/\/www.etametal.com\/eta\/wp-json\/wp\/v2\/comments?post=314"}],"wp:featuredmedia":[{"embeddable":true,"href":"http:\/\/www.etametal.com\/eta\/wp-json\/wp\/v2\/media\/338"}],"wp:attachment":[{"href":"http:\/\/www.etametal.com\/eta\/wp-json\/wp\/v2\/media?parent=314"}],"wp:term":[{"taxonomy":"product_cat","embeddable":true,"href":"http:\/\/www.etametal.com\/eta\/wp-json\/wp\/v2\/product_cat?post=314"},{"taxonomy":"product_tag","embeddable":true,"href":"http:\/\/www.etametal.com\/eta\/wp-json\/wp\/v2\/product_tag?post=314"}],"curies":[{"name":"wp","href":"https:\/\/api.w.org\/{rel}","templated":true}]}}