{"id":315,"date":"2022-10-04T13:24:31","date_gmt":"2022-10-04T10:24:31","guid":{"rendered":"http:\/\/www.etametal.com\/eta\/?post_type=product&#038;p=315"},"modified":"2022-10-04T13:24:37","modified_gmt":"2022-10-04T10:24:37","slug":"e150-60-lt-kare-outdoor-cop-kovasi-ic-kovali","status":"publish","type":"product","link":"http:\/\/www.etametal.com\/eta\/product\/e150-60-lt-kare-outdoor-cop-kovasi-ic-kovali\/","title":{"rendered":"E150 60 LT KARE OUTDOOR \u00c7\u00d6P KOVASI \u0130\u00c7 KOVALI"},"content":{"rendered":"<p>E150 60 LT KARE OUTDOOR \u00c7\u00d6P KOVASI \u0130\u00c7 KOVALI<\/p>\n","protected":false},"excerpt":{"rendered":"<p>E150 60 LT KARE OUTDOOR \u00c7\u00d6P KOVASI \u0130\u00c7 KOVALI<\/p>\n","protected":false},"featured_media":339,"comment_status":"open","ping_status":"closed","template":"","meta":{"content-type":""},"product_cat":[37],"product_tag":[],"class_list":["post-315","product","type-product","status-publish","has-post-thumbnail","hentry","product_cat-dis-mekan-cop-kovalari"],"_links":{"self":[{"href":"http:\/\/www.etametal.com\/eta\/wp-json\/wp\/v2\/product\/315","targetHints":{"allow":["GET"]}}],"collection":[{"href":"http:\/\/www.etametal.com\/eta\/wp-json\/wp\/v2\/product"}],"about":[{"href":"http:\/\/www.etametal.com\/eta\/wp-json\/wp\/v2\/types\/product"}],"replies":[{"embeddable":true,"href":"http:\/\/www.etametal.com\/eta\/wp-json\/wp\/v2\/comments?post=315"}],"wp:featuredmedia":[{"embeddable":true,"href":"http:\/\/www.etametal.com\/eta\/wp-json\/wp\/v2\/media\/339"}],"wp:attachment":[{"href":"http:\/\/www.etametal.com\/eta\/wp-json\/wp\/v2\/media?parent=315"}],"wp:term":[{"taxonomy":"product_cat","embeddable":true,"href":"http:\/\/www.etametal.com\/eta\/wp-json\/wp\/v2\/product_cat?post=315"},{"taxonomy":"product_tag","embeddable":true,"href":"http:\/\/www.etametal.com\/eta\/wp-json\/wp\/v2\/product_tag?post=315"}],"curies":[{"name":"wp","href":"https:\/\/api.w.org\/{rel}","templated":true}]}}