{"id":316,"date":"2022-10-04T13:24:31","date_gmt":"2022-10-04T10:24:31","guid":{"rendered":"http:\/\/www.etametal.com\/eta\/?post_type=product&#038;p=316"},"modified":"2022-10-04T13:24:37","modified_gmt":"2022-10-04T10:24:37","slug":"e130-ahsap-dekorlu-cop-kovasi","status":"publish","type":"product","link":"http:\/\/www.etametal.com\/eta\/product\/e130-ahsap-dekorlu-cop-kovasi\/","title":{"rendered":"E130 AH\u015eAP DEKORLU \u00c7\u00d6P KOVASI"},"content":{"rendered":"<p>E130 AH\u015eAP DEKORLU \u00c7\u00d6P KOVASI<\/p>\n","protected":false},"excerpt":{"rendered":"<p>E130 AH\u015eAP DEKORLU \u00c7\u00d6P KOVASI<\/p>\n","protected":false},"featured_media":340,"comment_status":"open","ping_status":"closed","template":"","meta":{"content-type":""},"product_cat":[37],"product_tag":[],"class_list":["post-316","product","type-product","status-publish","has-post-thumbnail","hentry","product_cat-dis-mekan-cop-kovalari"],"_links":{"self":[{"href":"http:\/\/www.etametal.com\/eta\/wp-json\/wp\/v2\/product\/316","targetHints":{"allow":["GET"]}}],"collection":[{"href":"http:\/\/www.etametal.com\/eta\/wp-json\/wp\/v2\/product"}],"about":[{"href":"http:\/\/www.etametal.com\/eta\/wp-json\/wp\/v2\/types\/product"}],"replies":[{"embeddable":true,"href":"http:\/\/www.etametal.com\/eta\/wp-json\/wp\/v2\/comments?post=316"}],"wp:featuredmedia":[{"embeddable":true,"href":"http:\/\/www.etametal.com\/eta\/wp-json\/wp\/v2\/media\/340"}],"wp:attachment":[{"href":"http:\/\/www.etametal.com\/eta\/wp-json\/wp\/v2\/media?parent=316"}],"wp:term":[{"taxonomy":"product_cat","embeddable":true,"href":"http:\/\/www.etametal.com\/eta\/wp-json\/wp\/v2\/product_cat?post=316"},{"taxonomy":"product_tag","embeddable":true,"href":"http:\/\/www.etametal.com\/eta\/wp-json\/wp\/v2\/product_tag?post=316"}],"curies":[{"name":"wp","href":"https:\/\/api.w.org\/{rel}","templated":true}]}}