{"id":318,"date":"2022-10-04T13:24:31","date_gmt":"2022-10-04T10:24:31","guid":{"rendered":"http:\/\/www.etametal.com\/eta\/?post_type=product&#038;p=318"},"modified":"2022-10-04T13:24:38","modified_gmt":"2022-10-04T10:24:38","slug":"e122-kilitli-dis-mekan-bahce-cop-kovasi","status":"publish","type":"product","link":"http:\/\/www.etametal.com\/eta\/product\/e122-kilitli-dis-mekan-bahce-cop-kovasi\/","title":{"rendered":"E122 K\u0130L\u0130TL\u0130 DI\u015e MEKAN BAH\u00c7E \u00c7\u00d6P KOVASI"},"content":{"rendered":"<p>E122 K\u0130L\u0130TL\u0130 DI\u015e MEKAN BAH\u00c7E \u00c7\u00d6P KOVASI<\/p>\n","protected":false},"excerpt":{"rendered":"<p>E122 K\u0130L\u0130TL\u0130 DI\u015e MEKAN BAH\u00c7E \u00c7\u00d6P KOVASI<\/p>\n","protected":false},"featured_media":342,"comment_status":"open","ping_status":"closed","template":"","meta":{"content-type":""},"product_cat":[37],"product_tag":[],"class_list":["post-318","product","type-product","status-publish","has-post-thumbnail","hentry","product_cat-dis-mekan-cop-kovalari"],"_links":{"self":[{"href":"http:\/\/www.etametal.com\/eta\/wp-json\/wp\/v2\/product\/318","targetHints":{"allow":["GET"]}}],"collection":[{"href":"http:\/\/www.etametal.com\/eta\/wp-json\/wp\/v2\/product"}],"about":[{"href":"http:\/\/www.etametal.com\/eta\/wp-json\/wp\/v2\/types\/product"}],"replies":[{"embeddable":true,"href":"http:\/\/www.etametal.com\/eta\/wp-json\/wp\/v2\/comments?post=318"}],"wp:featuredmedia":[{"embeddable":true,"href":"http:\/\/www.etametal.com\/eta\/wp-json\/wp\/v2\/media\/342"}],"wp:attachment":[{"href":"http:\/\/www.etametal.com\/eta\/wp-json\/wp\/v2\/media?parent=318"}],"wp:term":[{"taxonomy":"product_cat","embeddable":true,"href":"http:\/\/www.etametal.com\/eta\/wp-json\/wp\/v2\/product_cat?post=318"},{"taxonomy":"product_tag","embeddable":true,"href":"http:\/\/www.etametal.com\/eta\/wp-json\/wp\/v2\/product_tag?post=318"}],"curies":[{"name":"wp","href":"https:\/\/api.w.org\/{rel}","templated":true}]}}