{"id":319,"date":"2022-10-04T13:24:31","date_gmt":"2022-10-04T10:24:31","guid":{"rendered":"http:\/\/www.etametal.com\/eta\/?post_type=product&#038;p=319"},"modified":"2022-10-04T13:24:38","modified_gmt":"2022-10-04T10:24:38","slug":"e118-bahce-tipi-cop-kovasi","status":"publish","type":"product","link":"http:\/\/www.etametal.com\/eta\/product\/e118-bahce-tipi-cop-kovasi\/","title":{"rendered":"E118 BAH\u00c7E T\u0130P\u0130 \u00c7\u00d6P KOVASI"},"content":{"rendered":"<p>E118 BAH\u00c7E T\u0130P\u0130 \u00c7\u00d6P KOVASI<\/p>\n","protected":false},"excerpt":{"rendered":"<p>E118 BAH\u00c7E T\u0130P\u0130 \u00c7\u00d6P KOVASI<\/p>\n","protected":false},"featured_media":343,"comment_status":"open","ping_status":"closed","template":"","meta":{"content-type":""},"product_cat":[37],"product_tag":[],"class_list":["post-319","product","type-product","status-publish","has-post-thumbnail","hentry","product_cat-dis-mekan-cop-kovalari"],"_links":{"self":[{"href":"http:\/\/www.etametal.com\/eta\/wp-json\/wp\/v2\/product\/319","targetHints":{"allow":["GET"]}}],"collection":[{"href":"http:\/\/www.etametal.com\/eta\/wp-json\/wp\/v2\/product"}],"about":[{"href":"http:\/\/www.etametal.com\/eta\/wp-json\/wp\/v2\/types\/product"}],"replies":[{"embeddable":true,"href":"http:\/\/www.etametal.com\/eta\/wp-json\/wp\/v2\/comments?post=319"}],"wp:featuredmedia":[{"embeddable":true,"href":"http:\/\/www.etametal.com\/eta\/wp-json\/wp\/v2\/media\/343"}],"wp:attachment":[{"href":"http:\/\/www.etametal.com\/eta\/wp-json\/wp\/v2\/media?parent=319"}],"wp:term":[{"taxonomy":"product_cat","embeddable":true,"href":"http:\/\/www.etametal.com\/eta\/wp-json\/wp\/v2\/product_cat?post=319"},{"taxonomy":"product_tag","embeddable":true,"href":"http:\/\/www.etametal.com\/eta\/wp-json\/wp\/v2\/product_tag?post=319"}],"curies":[{"name":"wp","href":"https:\/\/api.w.org\/{rel}","templated":true}]}}