{"id":345,"date":"2022-10-04T13:24:39","date_gmt":"2022-10-04T10:24:39","guid":{"rendered":"http:\/\/www.etametal.com\/eta\/?post_type=product&#038;p=345"},"modified":"2022-10-04T13:24:42","modified_gmt":"2022-10-04T10:24:42","slug":"e-114-bahce-tipi-paslanmaz-cengel-tipi-cop-kovasi","status":"publish","type":"product","link":"http:\/\/www.etametal.com\/eta\/product\/e-114-bahce-tipi-paslanmaz-cengel-tipi-cop-kovasi\/","title":{"rendered":"E 114 BAH\u00c7E T\u0130P\u0130 PASLANMAZ \u00c7ENGEL T\u0130P\u0130 \u00c7\u00d6P KOVASI"},"content":{"rendered":"<p>E 114 BAH\u00c7E T\u0130P\u0130 PASLANMAZ \u00c7ENGEL T\u0130P\u0130 \u00c7\u00d6P KOVASI<\/p>\n","protected":false},"excerpt":{"rendered":"<p>E 114 BAH\u00c7E T\u0130P\u0130 PASLANMAZ \u00c7ENGEL T\u0130P\u0130 \u00c7\u00d6P KOVASI<\/p>\n","protected":false},"featured_media":375,"comment_status":"open","ping_status":"closed","template":"","meta":{"content-type":""},"product_cat":[37],"product_tag":[],"class_list":["post-345","product","type-product","status-publish","has-post-thumbnail","hentry","product_cat-dis-mekan-cop-kovalari"],"_links":{"self":[{"href":"http:\/\/www.etametal.com\/eta\/wp-json\/wp\/v2\/product\/345","targetHints":{"allow":["GET"]}}],"collection":[{"href":"http:\/\/www.etametal.com\/eta\/wp-json\/wp\/v2\/product"}],"about":[{"href":"http:\/\/www.etametal.com\/eta\/wp-json\/wp\/v2\/types\/product"}],"replies":[{"embeddable":true,"href":"http:\/\/www.etametal.com\/eta\/wp-json\/wp\/v2\/comments?post=345"}],"wp:featuredmedia":[{"embeddable":true,"href":"http:\/\/www.etametal.com\/eta\/wp-json\/wp\/v2\/media\/375"}],"wp:attachment":[{"href":"http:\/\/www.etametal.com\/eta\/wp-json\/wp\/v2\/media?parent=345"}],"wp:term":[{"taxonomy":"product_cat","embeddable":true,"href":"http:\/\/www.etametal.com\/eta\/wp-json\/wp\/v2\/product_cat?post=345"},{"taxonomy":"product_tag","embeddable":true,"href":"http:\/\/www.etametal.com\/eta\/wp-json\/wp\/v2\/product_tag?post=345"}],"curies":[{"name":"wp","href":"https:\/\/api.w.org\/{rel}","templated":true}]}}