{"id":346,"date":"2022-10-04T13:24:39","date_gmt":"2022-10-04T10:24:39","guid":{"rendered":"http:\/\/www.etametal.com\/eta\/?post_type=product&#038;p=346"},"modified":"2022-10-04T13:24:42","modified_gmt":"2022-10-04T10:24:42","slug":"e106-bahce-tip-boyali-cop-kovasi-profil-ayak","status":"publish","type":"product","link":"http:\/\/www.etametal.com\/eta\/product\/e106-bahce-tip-boyali-cop-kovasi-profil-ayak\/","title":{"rendered":"E106 BAH\u00c7E T\u0130P BOYALI \u00c7\u00d6P KOVASI PROF\u0130L AYAK"},"content":{"rendered":"<p>E106 BAH\u00c7E T\u0130P BOYALI \u00c7\u00d6P KOVASI PROF\u0130L AYAK<\/p>\n","protected":false},"excerpt":{"rendered":"<p>E106 BAH\u00c7E T\u0130P BOYALI \u00c7\u00d6P KOVASI PROF\u0130L AYAK<\/p>\n","protected":false},"featured_media":376,"comment_status":"open","ping_status":"closed","template":"","meta":{"content-type":""},"product_cat":[37],"product_tag":[],"class_list":["post-346","product","type-product","status-publish","has-post-thumbnail","hentry","product_cat-dis-mekan-cop-kovalari"],"_links":{"self":[{"href":"http:\/\/www.etametal.com\/eta\/wp-json\/wp\/v2\/product\/346","targetHints":{"allow":["GET"]}}],"collection":[{"href":"http:\/\/www.etametal.com\/eta\/wp-json\/wp\/v2\/product"}],"about":[{"href":"http:\/\/www.etametal.com\/eta\/wp-json\/wp\/v2\/types\/product"}],"replies":[{"embeddable":true,"href":"http:\/\/www.etametal.com\/eta\/wp-json\/wp\/v2\/comments?post=346"}],"wp:featuredmedia":[{"embeddable":true,"href":"http:\/\/www.etametal.com\/eta\/wp-json\/wp\/v2\/media\/376"}],"wp:attachment":[{"href":"http:\/\/www.etametal.com\/eta\/wp-json\/wp\/v2\/media?parent=346"}],"wp:term":[{"taxonomy":"product_cat","embeddable":true,"href":"http:\/\/www.etametal.com\/eta\/wp-json\/wp\/v2\/product_cat?post=346"},{"taxonomy":"product_tag","embeddable":true,"href":"http:\/\/www.etametal.com\/eta\/wp-json\/wp\/v2\/product_tag?post=346"}],"curies":[{"name":"wp","href":"https:\/\/api.w.org\/{rel}","templated":true}]}}