{"id":348,"date":"2022-10-04T13:24:39","date_gmt":"2022-10-04T10:24:39","guid":{"rendered":"http:\/\/www.etametal.com\/eta\/?post_type=product&#038;p=348"},"modified":"2022-10-04T13:24:43","modified_gmt":"2022-10-04T10:24:43","slug":"e104-bahce-cop-kovasi-u-tipi-boyali","status":"publish","type":"product","link":"http:\/\/www.etametal.com\/eta\/product\/e104-bahce-cop-kovasi-u-tipi-boyali\/","title":{"rendered":"E104 BAH\u00c7E \u00c7\u00d6P KOVASI U T\u0130P\u0130 BOYALI"},"content":{"rendered":"<p>E104 BAH\u00c7E \u00c7\u00d6P KOVASI U T\u0130P\u0130 BOYALI<\/p>\n","protected":false},"excerpt":{"rendered":"<p>E104 BAH\u00c7E \u00c7\u00d6P KOVASI U T\u0130P\u0130 BOYALI<\/p>\n","protected":false},"featured_media":378,"comment_status":"open","ping_status":"closed","template":"","meta":{"content-type":""},"product_cat":[37],"product_tag":[],"class_list":["post-348","product","type-product","status-publish","has-post-thumbnail","hentry","product_cat-dis-mekan-cop-kovalari"],"_links":{"self":[{"href":"http:\/\/www.etametal.com\/eta\/wp-json\/wp\/v2\/product\/348","targetHints":{"allow":["GET"]}}],"collection":[{"href":"http:\/\/www.etametal.com\/eta\/wp-json\/wp\/v2\/product"}],"about":[{"href":"http:\/\/www.etametal.com\/eta\/wp-json\/wp\/v2\/types\/product"}],"replies":[{"embeddable":true,"href":"http:\/\/www.etametal.com\/eta\/wp-json\/wp\/v2\/comments?post=348"}],"wp:featuredmedia":[{"embeddable":true,"href":"http:\/\/www.etametal.com\/eta\/wp-json\/wp\/v2\/media\/378"}],"wp:attachment":[{"href":"http:\/\/www.etametal.com\/eta\/wp-json\/wp\/v2\/media?parent=348"}],"wp:term":[{"taxonomy":"product_cat","embeddable":true,"href":"http:\/\/www.etametal.com\/eta\/wp-json\/wp\/v2\/product_cat?post=348"},{"taxonomy":"product_tag","embeddable":true,"href":"http:\/\/www.etametal.com\/eta\/wp-json\/wp\/v2\/product_tag?post=348"}],"curies":[{"name":"wp","href":"https:\/\/api.w.org\/{rel}","templated":true}]}}