{"id":349,"date":"2022-10-04T13:24:39","date_gmt":"2022-10-04T10:24:39","guid":{"rendered":"http:\/\/www.etametal.com\/eta\/?post_type=product&#038;p=349"},"modified":"2022-10-04T13:24:43","modified_gmt":"2022-10-04T10:24:43","slug":"e103-bahce-tipi-boyali-cop-kovasi-sapkali-ve-tekerlekli","status":"publish","type":"product","link":"http:\/\/www.etametal.com\/eta\/product\/e103-bahce-tipi-boyali-cop-kovasi-sapkali-ve-tekerlekli\/","title":{"rendered":"E103 BAH\u00c7E T\u0130P\u0130 BOYALI \u00c7\u00d6P KOVASI \u015eAPKALI VE TEKERLEKL\u0130"},"content":{"rendered":"<p>E103 BAH\u00c7E T\u0130P\u0130 BOYALI \u00c7\u00d6P KOVASI \u015eAPKALI VE TEKERLEKL\u0130<\/p>\n","protected":false},"excerpt":{"rendered":"<p>E103 BAH\u00c7E T\u0130P\u0130 BOYALI \u00c7\u00d6P KOVASI \u015eAPKALI VE TEKERLEKL\u0130<\/p>\n","protected":false},"featured_media":379,"comment_status":"open","ping_status":"closed","template":"","meta":{"content-type":""},"product_cat":[37],"product_tag":[],"class_list":["post-349","product","type-product","status-publish","has-post-thumbnail","hentry","product_cat-dis-mekan-cop-kovalari"],"_links":{"self":[{"href":"http:\/\/www.etametal.com\/eta\/wp-json\/wp\/v2\/product\/349","targetHints":{"allow":["GET"]}}],"collection":[{"href":"http:\/\/www.etametal.com\/eta\/wp-json\/wp\/v2\/product"}],"about":[{"href":"http:\/\/www.etametal.com\/eta\/wp-json\/wp\/v2\/types\/product"}],"replies":[{"embeddable":true,"href":"http:\/\/www.etametal.com\/eta\/wp-json\/wp\/v2\/comments?post=349"}],"wp:featuredmedia":[{"embeddable":true,"href":"http:\/\/www.etametal.com\/eta\/wp-json\/wp\/v2\/media\/379"}],"wp:attachment":[{"href":"http:\/\/www.etametal.com\/eta\/wp-json\/wp\/v2\/media?parent=349"}],"wp:term":[{"taxonomy":"product_cat","embeddable":true,"href":"http:\/\/www.etametal.com\/eta\/wp-json\/wp\/v2\/product_cat?post=349"},{"taxonomy":"product_tag","embeddable":true,"href":"http:\/\/www.etametal.com\/eta\/wp-json\/wp\/v2\/product_tag?post=349"}],"curies":[{"name":"wp","href":"https:\/\/api.w.org\/{rel}","templated":true}]}}