{"id":350,"date":"2022-10-04T13:24:39","date_gmt":"2022-10-04T10:24:39","guid":{"rendered":"http:\/\/www.etametal.com\/eta\/?post_type=product&#038;p=350"},"modified":"2022-10-04T13:24:43","modified_gmt":"2022-10-04T10:24:43","slug":"e102-bahce-tipi-cop-kovasi-sapkali","status":"publish","type":"product","link":"http:\/\/www.etametal.com\/eta\/product\/e102-bahce-tipi-cop-kovasi-sapkali\/","title":{"rendered":"E102 BAH\u00c7E T\u0130P\u0130 \u00c7\u00d6P KOVASI \u015eAPKALI"},"content":{"rendered":"<p>E102 BAH\u00c7E T\u0130P\u0130 \u00c7\u00d6P KOVASI \u015eAPKALI\u00a038\u00d7111<\/p>\n","protected":false},"excerpt":{"rendered":"<p>E102 BAH\u00c7E T\u0130P\u0130 \u00c7\u00d6P KOVASI \u015eAPKALI\u00a038\u00d7111<\/p>\n","protected":false},"featured_media":380,"comment_status":"open","ping_status":"closed","template":"","meta":{"content-type":""},"product_cat":[37],"product_tag":[],"class_list":["post-350","product","type-product","status-publish","has-post-thumbnail","hentry","product_cat-dis-mekan-cop-kovalari"],"_links":{"self":[{"href":"http:\/\/www.etametal.com\/eta\/wp-json\/wp\/v2\/product\/350","targetHints":{"allow":["GET"]}}],"collection":[{"href":"http:\/\/www.etametal.com\/eta\/wp-json\/wp\/v2\/product"}],"about":[{"href":"http:\/\/www.etametal.com\/eta\/wp-json\/wp\/v2\/types\/product"}],"replies":[{"embeddable":true,"href":"http:\/\/www.etametal.com\/eta\/wp-json\/wp\/v2\/comments?post=350"}],"wp:featuredmedia":[{"embeddable":true,"href":"http:\/\/www.etametal.com\/eta\/wp-json\/wp\/v2\/media\/380"}],"wp:attachment":[{"href":"http:\/\/www.etametal.com\/eta\/wp-json\/wp\/v2\/media?parent=350"}],"wp:term":[{"taxonomy":"product_cat","embeddable":true,"href":"http:\/\/www.etametal.com\/eta\/wp-json\/wp\/v2\/product_cat?post=350"},{"taxonomy":"product_tag","embeddable":true,"href":"http:\/\/www.etametal.com\/eta\/wp-json\/wp\/v2\/product_tag?post=350"}],"curies":[{"name":"wp","href":"https:\/\/api.w.org\/{rel}","templated":true}]}}