{"id":351,"date":"2022-10-04T13:24:40","date_gmt":"2022-10-04T10:24:40","guid":{"rendered":"http:\/\/www.etametal.com\/eta\/?post_type=product&#038;p=351"},"modified":"2022-10-04T13:24:44","modified_gmt":"2022-10-04T10:24:44","slug":"e101-bahce-tip-boyali-cop-kovasi","status":"publish","type":"product","link":"http:\/\/www.etametal.com\/eta\/product\/e101-bahce-tip-boyali-cop-kovasi\/","title":{"rendered":"E101 BAH\u00c7E T\u0130P BOYALI \u00c7\u00d6P KOVASI"},"content":{"rendered":"<p>KOVA KISMI DKP SACDAN \u0130MAL ED\u0130LM\u0130\u015eT\u0130R<br \/>\nAYAK VE KOVA KISMI ELEKTROSTATIK TOZ FIRIN BOYALIDIR<\/p>\n","protected":false},"excerpt":{"rendered":"<p>E101 BAH\u00c7E T\u0130P BOYALI \u00c7\u00d6P KOVASI<\/p>\n","protected":false},"featured_media":381,"comment_status":"open","ping_status":"closed","template":"","meta":{"content-type":""},"product_cat":[37],"product_tag":[],"class_list":["post-351","product","type-product","status-publish","has-post-thumbnail","hentry","product_cat-dis-mekan-cop-kovalari"],"_links":{"self":[{"href":"http:\/\/www.etametal.com\/eta\/wp-json\/wp\/v2\/product\/351","targetHints":{"allow":["GET"]}}],"collection":[{"href":"http:\/\/www.etametal.com\/eta\/wp-json\/wp\/v2\/product"}],"about":[{"href":"http:\/\/www.etametal.com\/eta\/wp-json\/wp\/v2\/types\/product"}],"replies":[{"embeddable":true,"href":"http:\/\/www.etametal.com\/eta\/wp-json\/wp\/v2\/comments?post=351"}],"wp:featuredmedia":[{"embeddable":true,"href":"http:\/\/www.etametal.com\/eta\/wp-json\/wp\/v2\/media\/381"}],"wp:attachment":[{"href":"http:\/\/www.etametal.com\/eta\/wp-json\/wp\/v2\/media?parent=351"}],"wp:term":[{"taxonomy":"product_cat","embeddable":true,"href":"http:\/\/www.etametal.com\/eta\/wp-json\/wp\/v2\/product_cat?post=351"},{"taxonomy":"product_tag","embeddable":true,"href":"http:\/\/www.etametal.com\/eta\/wp-json\/wp\/v2\/product_tag?post=351"}],"curies":[{"name":"wp","href":"https:\/\/api.w.org\/{rel}","templated":true}]}}