{"id":359,"date":"2022-10-04T13:24:40","date_gmt":"2022-10-04T10:24:40","guid":{"rendered":"http:\/\/www.etametal.com\/eta\/?post_type=product&#038;p=359"},"modified":"2022-10-04T13:24:47","modified_gmt":"2022-10-04T10:24:47","slug":"b-610-mesale-kulluk-boyali","status":"publish","type":"product","link":"http:\/\/www.etametal.com\/eta\/product\/b-610-mesale-kulluk-boyali\/","title":{"rendered":"(B 610) Me\u015fale K\u00fcll\u00fck Boyal\u0131"},"content":{"rendered":"<p><strong>\u00dcr\u00fcn \u00d6l\u00e7\u00fcleri:<\/strong><\/p>\n<p>\u00c7ap:             28 cm<\/p>\n<p>Y\u00fckseklik:  60 cm<\/p>\n","protected":false},"excerpt":{"rendered":"<p>(B 610) Me\u015fale K\u00fcll\u00fck Boyal\u0131<\/p>\n","protected":false},"featured_media":389,"comment_status":"open","ping_status":"closed","template":"","meta":{"content-type":""},"product_cat":[35],"product_tag":[],"class_list":["post-359","product","type-product","status-publish","has-post-thumbnail","hentry","product_cat-metal-kullukler"],"_links":{"self":[{"href":"http:\/\/www.etametal.com\/eta\/wp-json\/wp\/v2\/product\/359","targetHints":{"allow":["GET"]}}],"collection":[{"href":"http:\/\/www.etametal.com\/eta\/wp-json\/wp\/v2\/product"}],"about":[{"href":"http:\/\/www.etametal.com\/eta\/wp-json\/wp\/v2\/types\/product"}],"replies":[{"embeddable":true,"href":"http:\/\/www.etametal.com\/eta\/wp-json\/wp\/v2\/comments?post=359"}],"wp:featuredmedia":[{"embeddable":true,"href":"http:\/\/www.etametal.com\/eta\/wp-json\/wp\/v2\/media\/389"}],"wp:attachment":[{"href":"http:\/\/www.etametal.com\/eta\/wp-json\/wp\/v2\/media?parent=359"}],"wp:term":[{"taxonomy":"product_cat","embeddable":true,"href":"http:\/\/www.etametal.com\/eta\/wp-json\/wp\/v2\/product_cat?post=359"},{"taxonomy":"product_tag","embeddable":true,"href":"http:\/\/www.etametal.com\/eta\/wp-json\/wp\/v2\/product_tag?post=359"}],"curies":[{"name":"wp","href":"https:\/\/api.w.org\/{rel}","templated":true}]}}