{"id":360,"date":"2022-10-04T13:24:40","date_gmt":"2022-10-04T10:24:40","guid":{"rendered":"http:\/\/www.etametal.com\/eta\/?post_type=product&#038;p=360"},"modified":"2022-10-04T13:24:48","modified_gmt":"2022-10-04T10:24:48","slug":"b-609-salon-telli-kulluk-pirinc-kucuk","status":"publish","type":"product","link":"http:\/\/www.etametal.com\/eta\/product\/b-609-salon-telli-kulluk-pirinc-kucuk\/","title":{"rendered":"(B 609) Salon Telli K\u00fcll\u00fck Pirin\u00e7 K\u00fc\u00e7\u00fck"},"content":{"rendered":"<p><strong>\u00dcr\u00fcn \u00d6l\u00e7\u00fcleri:<\/strong><\/p>\n<p>\u00c7ap:             31 cm<\/p>\n<p>Y\u00fckseklik:  65 cm<\/p>\n","protected":false},"excerpt":{"rendered":"<p>(B 609) Salon Telli K\u00fcll\u00fck Pirin\u00e7 K\u00fc\u00e7\u00fck<\/p>\n","protected":false},"featured_media":390,"comment_status":"open","ping_status":"closed","template":"","meta":{"content-type":""},"product_cat":[35],"product_tag":[],"class_list":["post-360","product","type-product","status-publish","has-post-thumbnail","hentry","product_cat-metal-kullukler"],"_links":{"self":[{"href":"http:\/\/www.etametal.com\/eta\/wp-json\/wp\/v2\/product\/360","targetHints":{"allow":["GET"]}}],"collection":[{"href":"http:\/\/www.etametal.com\/eta\/wp-json\/wp\/v2\/product"}],"about":[{"href":"http:\/\/www.etametal.com\/eta\/wp-json\/wp\/v2\/types\/product"}],"replies":[{"embeddable":true,"href":"http:\/\/www.etametal.com\/eta\/wp-json\/wp\/v2\/comments?post=360"}],"wp:featuredmedia":[{"embeddable":true,"href":"http:\/\/www.etametal.com\/eta\/wp-json\/wp\/v2\/media\/390"}],"wp:attachment":[{"href":"http:\/\/www.etametal.com\/eta\/wp-json\/wp\/v2\/media?parent=360"}],"wp:term":[{"taxonomy":"product_cat","embeddable":true,"href":"http:\/\/www.etametal.com\/eta\/wp-json\/wp\/v2\/product_cat?post=360"},{"taxonomy":"product_tag","embeddable":true,"href":"http:\/\/www.etametal.com\/eta\/wp-json\/wp\/v2\/product_tag?post=360"}],"curies":[{"name":"wp","href":"https:\/\/api.w.org\/{rel}","templated":true}]}}