{"id":368,"date":"2022-10-04T13:24:41","date_gmt":"2022-10-04T10:24:41","guid":{"rendered":"http:\/\/www.etametal.com\/eta\/?post_type=product&#038;p=368"},"modified":"2022-10-04T13:24:50","modified_gmt":"2022-10-04T10:24:50","slug":"b-601-vip-kulluk-boyali-buyuk","status":"publish","type":"product","link":"http:\/\/www.etametal.com\/eta\/product\/b-601-vip-kulluk-boyali-buyuk\/","title":{"rendered":"(B 601) Vip K\u00fcll\u00fck Boyal\u0131 B\u00fcy\u00fck"},"content":{"rendered":"<p><strong>\u00dcr\u00fcn \u00d6l\u00e7\u00fcleri:<\/strong><\/p>\n<p>\u00c7ap:             28 cm<\/p>\n<p>Y\u00fckseklik:  65 cm<\/p>\n","protected":false},"excerpt":{"rendered":"<p>(B 601) Vip K\u00fcll\u00fck Boyal\u0131 B\u00fcy\u00fck<\/p>\n","protected":false},"featured_media":398,"comment_status":"open","ping_status":"closed","template":"","meta":{"content-type":""},"product_cat":[35],"product_tag":[],"class_list":["post-368","product","type-product","status-publish","has-post-thumbnail","hentry","product_cat-metal-kullukler"],"_links":{"self":[{"href":"http:\/\/www.etametal.com\/eta\/wp-json\/wp\/v2\/product\/368","targetHints":{"allow":["GET"]}}],"collection":[{"href":"http:\/\/www.etametal.com\/eta\/wp-json\/wp\/v2\/product"}],"about":[{"href":"http:\/\/www.etametal.com\/eta\/wp-json\/wp\/v2\/types\/product"}],"replies":[{"embeddable":true,"href":"http:\/\/www.etametal.com\/eta\/wp-json\/wp\/v2\/comments?post=368"}],"wp:featuredmedia":[{"embeddable":true,"href":"http:\/\/www.etametal.com\/eta\/wp-json\/wp\/v2\/media\/398"}],"wp:attachment":[{"href":"http:\/\/www.etametal.com\/eta\/wp-json\/wp\/v2\/media?parent=368"}],"wp:term":[{"taxonomy":"product_cat","embeddable":true,"href":"http:\/\/www.etametal.com\/eta\/wp-json\/wp\/v2\/product_cat?post=368"},{"taxonomy":"product_tag","embeddable":true,"href":"http:\/\/www.etametal.com\/eta\/wp-json\/wp\/v2\/product_tag?post=368"}],"curies":[{"name":"wp","href":"https:\/\/api.w.org\/{rel}","templated":true}]}}