{"id":372,"date":"2022-10-04T13:24:41","date_gmt":"2022-10-04T10:24:41","guid":{"rendered":"http:\/\/www.etametal.com\/eta\/?post_type=product&#038;p=372"},"modified":"2022-10-04T13:24:51","modified_gmt":"2022-10-04T10:24:51","slug":"800-litre-demonte-galvaniz-cop-konteyneri","status":"publish","type":"product","link":"http:\/\/www.etametal.com\/eta\/product\/800-litre-demonte-galvaniz-cop-konteyneri\/","title":{"rendered":"800 Litre Demonte Galvaniz \u00c7\u00f6p Konteyneri"},"content":{"rendered":"<p>800 Litre Demonte Galvaniz \u00c7\u00f6p Konteyneri<\/p>\n","protected":false},"excerpt":{"rendered":"<p>800 Litre Demonte Galvaniz \u00c7\u00f6p Konteyneri<\/p>\n","protected":false},"featured_media":402,"comment_status":"open","ping_status":"closed","template":"","meta":{"content-type":""},"product_cat":[36],"product_tag":[],"class_list":["post-372","product","type-product","status-publish","has-post-thumbnail","hentry","product_cat-galvaniz-cop-konteyneri"],"_links":{"self":[{"href":"http:\/\/www.etametal.com\/eta\/wp-json\/wp\/v2\/product\/372","targetHints":{"allow":["GET"]}}],"collection":[{"href":"http:\/\/www.etametal.com\/eta\/wp-json\/wp\/v2\/product"}],"about":[{"href":"http:\/\/www.etametal.com\/eta\/wp-json\/wp\/v2\/types\/product"}],"replies":[{"embeddable":true,"href":"http:\/\/www.etametal.com\/eta\/wp-json\/wp\/v2\/comments?post=372"}],"wp:featuredmedia":[{"embeddable":true,"href":"http:\/\/www.etametal.com\/eta\/wp-json\/wp\/v2\/media\/402"}],"wp:attachment":[{"href":"http:\/\/www.etametal.com\/eta\/wp-json\/wp\/v2\/media?parent=372"}],"wp:term":[{"taxonomy":"product_cat","embeddable":true,"href":"http:\/\/www.etametal.com\/eta\/wp-json\/wp\/v2\/product_cat?post=372"},{"taxonomy":"product_tag","embeddable":true,"href":"http:\/\/www.etametal.com\/eta\/wp-json\/wp\/v2\/product_tag?post=372"}],"curies":[{"name":"wp","href":"https:\/\/api.w.org\/{rel}","templated":true}]}}