{"id":410,"date":"2022-10-04T13:24:54","date_gmt":"2022-10-04T10:24:54","guid":{"rendered":"http:\/\/www.etametal.com\/eta\/?post_type=product&#038;p=410"},"modified":"2022-10-04T13:24:57","modified_gmt":"2022-10-04T10:24:57","slug":"660-litre-plastik-cop-konteyneri","status":"publish","type":"product","link":"http:\/\/www.etametal.com\/eta\/product\/660-litre-plastik-cop-konteyneri\/","title":{"rendered":"660 Litre Plastik \u00c7\u00f6p Konteyneri"},"content":{"rendered":"<p><img loading=\"lazy\" decoding=\"async\" class=\"alignnone wp-image-4237 size-full\" src=\"http:\/\/www.etacopkonteyner.com\/wp-content\/uploads\/2018\/11\/My-Post-15.jpg\" alt=\"\" width=\"2160\" height=\"1080\" \/><\/p>\n","protected":false},"excerpt":{"rendered":"<p><strong>\u00dcr\u00fcn \u00f6l\u00e7\u00fcleri:<\/strong><\/p>\n<p>HAC\u0130M (L) 667<br \/>\nAGIRLIK (kg) 43<br \/>\nAZAM\u0130 Y\u00dcK (kg) 310<br \/>\nY\u00dcKSEKL\u0130K (mm) 1190<br \/>\nGEN\u0130\u015eL\u0130K (mm) 1360<br \/>\nDER\u0130NL\u0130K (mm) 780<br \/>\nTARAK Y\u00dcKSEKL\u0130\u011e\u0130 (mm) 1085<br \/>\nTEKERLEK \u00c7API (mm) 200<\/p>\n","protected":false},"featured_media":427,"comment_status":"open","ping_status":"closed","template":"","meta":{"content-type":""},"product_cat":[34],"product_tag":[],"class_list":["post-410","product","type-product","status-publish","has-post-thumbnail","hentry","product_cat-plastik-cop-konteynerleri"],"_links":{"self":[{"href":"http:\/\/www.etametal.com\/eta\/wp-json\/wp\/v2\/product\/410","targetHints":{"allow":["GET"]}}],"collection":[{"href":"http:\/\/www.etametal.com\/eta\/wp-json\/wp\/v2\/product"}],"about":[{"href":"http:\/\/www.etametal.com\/eta\/wp-json\/wp\/v2\/types\/product"}],"replies":[{"embeddable":true,"href":"http:\/\/www.etametal.com\/eta\/wp-json\/wp\/v2\/comments?post=410"}],"wp:featuredmedia":[{"embeddable":true,"href":"http:\/\/www.etametal.com\/eta\/wp-json\/wp\/v2\/media\/427"}],"wp:attachment":[{"href":"http:\/\/www.etametal.com\/eta\/wp-json\/wp\/v2\/media?parent=410"}],"wp:term":[{"taxonomy":"product_cat","embeddable":true,"href":"http:\/\/www.etametal.com\/eta\/wp-json\/wp\/v2\/product_cat?post=410"},{"taxonomy":"product_tag","embeddable":true,"href":"http:\/\/www.etametal.com\/eta\/wp-json\/wp\/v2\/product_tag?post=410"}],"curies":[{"name":"wp","href":"https:\/\/api.w.org\/{rel}","templated":true}]}}