{"id":419,"date":"2022-10-04T13:24:55","date_gmt":"2022-10-04T10:24:55","guid":{"rendered":"http:\/\/www.etametal.com\/eta\/?post_type=product&#038;p=419"},"modified":"2022-10-04T13:24:59","modified_gmt":"2022-10-04T10:24:59","slug":"b-402-kolon-telli-kulluk-paslanmaz","status":"publish","type":"product","link":"http:\/\/www.etametal.com\/eta\/product\/b-402-kolon-telli-kulluk-paslanmaz\/","title":{"rendered":"(B 402) Kolon Telli K\u00fcll\u00fck Paslanmaz"},"content":{"rendered":"<p><strong>\u00dcr\u00fcn \u00d6l\u00e7\u00fcleri:<\/strong><\/p>\n<p>\u00c7ap: 23 cm<\/p>\n<p>Y\u00fckseklik: 60 cm<\/p>\n","protected":false},"excerpt":{"rendered":"<p>(B 402) Kolon Telli K\u00fcll\u00fck Paslanmaz<\/p>\n","protected":false},"featured_media":436,"comment_status":"open","ping_status":"closed","template":"","meta":{"content-type":""},"product_cat":[35],"product_tag":[],"class_list":["post-419","product","type-product","status-publish","has-post-thumbnail","hentry","product_cat-metal-kullukler"],"_links":{"self":[{"href":"http:\/\/www.etametal.com\/eta\/wp-json\/wp\/v2\/product\/419","targetHints":{"allow":["GET"]}}],"collection":[{"href":"http:\/\/www.etametal.com\/eta\/wp-json\/wp\/v2\/product"}],"about":[{"href":"http:\/\/www.etametal.com\/eta\/wp-json\/wp\/v2\/types\/product"}],"replies":[{"embeddable":true,"href":"http:\/\/www.etametal.com\/eta\/wp-json\/wp\/v2\/comments?post=419"}],"wp:featuredmedia":[{"embeddable":true,"href":"http:\/\/www.etametal.com\/eta\/wp-json\/wp\/v2\/media\/436"}],"wp:attachment":[{"href":"http:\/\/www.etametal.com\/eta\/wp-json\/wp\/v2\/media?parent=419"}],"wp:term":[{"taxonomy":"product_cat","embeddable":true,"href":"http:\/\/www.etametal.com\/eta\/wp-json\/wp\/v2\/product_cat?post=419"},{"taxonomy":"product_tag","embeddable":true,"href":"http:\/\/www.etametal.com\/eta\/wp-json\/wp\/v2\/product_tag?post=419"}],"curies":[{"name":"wp","href":"https:\/\/api.w.org\/{rel}","templated":true}]}}