{"id":421,"date":"2022-10-04T13:24:55","date_gmt":"2022-10-04T10:24:55","guid":{"rendered":"http:\/\/www.etametal.com\/eta\/?post_type=product&#038;p=421"},"modified":"2022-10-04T13:25:00","modified_gmt":"2022-10-04T10:25:00","slug":"cop-toplama-arabasi","status":"publish","type":"product","link":"http:\/\/www.etametal.com\/eta\/product\/cop-toplama-arabasi\/","title":{"rendered":"\u00c7\u00f6p Toplama Arabas\u0131"},"content":{"rendered":"<p>*\u00dcr\u00fcn 25 lik 2mm boru ve 2 mm sactan imal edilmi\u015ftir.<br \/>\n*\u00dcr\u00fcn elektrostatik f\u0131r\u0131n boyal\u0131d\u0131r.<br \/>\n*2 Adet haval\u0131 teker 1 adet 360 derece d\u00f6nerli teker kullan\u0131lm\u0131\u015ft\u0131r.<br \/>\n*Gazalt\u0131 kaynak kullan\u0131lm\u0131\u015ft\u0131r.<\/p>\n","protected":false},"excerpt":{"rendered":"<p><strong>\u00dcr\u00fcn Aksesuarlar\u0131:<\/strong><\/p>\n<p>*2 Adet 120 lt. plastik \u00e7\u00f6p konteyneri<br \/>\n*1 Adet plastik \u00e7\u00f6p kovas\u0131<br \/>\n*1 Adet end\u00fcstriyel fara\u015f<br \/>\n*1 Adet end\u00fcstriyel s\u00fcp\u00fcrge<\/p>\n","protected":false},"featured_media":438,"comment_status":"open","ping_status":"closed","template":"","meta":{"content-type":""},"product_cat":[45],"product_tag":[],"class_list":["post-421","product","type-product","status-publish","has-post-thumbnail","hentry","product_cat-cop-toplama-setleri"],"_links":{"self":[{"href":"http:\/\/www.etametal.com\/eta\/wp-json\/wp\/v2\/product\/421","targetHints":{"allow":["GET"]}}],"collection":[{"href":"http:\/\/www.etametal.com\/eta\/wp-json\/wp\/v2\/product"}],"about":[{"href":"http:\/\/www.etametal.com\/eta\/wp-json\/wp\/v2\/types\/product"}],"replies":[{"embeddable":true,"href":"http:\/\/www.etametal.com\/eta\/wp-json\/wp\/v2\/comments?post=421"}],"wp:featuredmedia":[{"embeddable":true,"href":"http:\/\/www.etametal.com\/eta\/wp-json\/wp\/v2\/media\/438"}],"wp:attachment":[{"href":"http:\/\/www.etametal.com\/eta\/wp-json\/wp\/v2\/media?parent=421"}],"wp:term":[{"taxonomy":"product_cat","embeddable":true,"href":"http:\/\/www.etametal.com\/eta\/wp-json\/wp\/v2\/product_cat?post=421"},{"taxonomy":"product_tag","embeddable":true,"href":"http:\/\/www.etametal.com\/eta\/wp-json\/wp\/v2\/product_tag?post=421"}],"curies":[{"name":"wp","href":"https:\/\/api.w.org\/{rel}","templated":true}]}}